{"id":2,"date":"2025-06-05T16:16:24","date_gmt":"2025-06-05T14:16:24","guid":{"rendered":"https:\/\/clearthedeck.fr\/?page_id=2"},"modified":"2025-07-18T16:53:15","modified_gmt":"2025-07-18T14:53:15","slug":"mentions-legales","status":"publish","type":"page","link":"https:\/\/clearthedeck.fr\/en\/mentions-legales\/","title":{"rendered":"Legal Notice"},"content":{"rendered":"<div data-elementor-type=\"wp-page\" data-elementor-id=\"2\" class=\"elementor elementor-2\">\n\t\t\t\t<div class=\"elementor-element elementor-element-7afef7e1 e-flex e-con-boxed e-con e-parent\" data-id=\"7afef7e1\" data-element_type=\"container\" data-e-type=\"container\">\n\t\t\t\t\t<div class=\"e-con-inner\">\n\t\t\t\t<div class=\"elementor-element elementor-element-167c1f7d elementor-widget elementor-widget-text-editor\" data-id=\"167c1f7d\" data-element_type=\"widget\" data-e-type=\"widget\" data-widget_type=\"text-editor.default\">\n\t\t\t\t<div class=\"elementor-widget-container\">\n\t\t\t\t\t\t\t\t\t\n<p><span style=\"font-weight: 400;\">In accordance with the provisions of Law No. 2004-575 of June 21, 2004, on confidence in the digital economy, users of the Clear the Deck website are hereby informed of the identities of the various parties involved in the website\u2019s creation and maintenance.<br \/><br \/><\/span><\/p>\n<p><b>Website editing\u00a0<\/b><\/p>\n<p><span style=\"font-weight: 400;\">This website, accessible at the URL www.clearthedeck.fr (the \u201cWebsite\u201d), is published by:<\/span><\/p>\n<p><span style=\"font-weight: 400;\">Anouck ZANA, a resident of Paris 20, a French national (France)<\/span><span style=\"font-weight: 400;\"><br \/><br \/><\/span><\/p>\n<p><b>Hosting<\/b><\/p>\n<p><span style=\"font-weight: 400;\">The Website is hosted by 1&amp;1 \/ IONOS, located at 7 Place de la Gare \u2013 57200 Sarreguemines (phone: (+33) 9 70 80 89 11).<\/span><\/p>\n<p>\u00a0<\/p>\n<p><b>Editor-in-Chief\u00a0<\/b><\/p>\n<p><span style=\"font-weight: 400;\">The Site's Publisher is Anouck ZANA.<\/span><\/p>\n\t\t\t\t\t\t\t\t<\/div>\n\t\t\t\t<\/div>\n\t\t\t\t\t<\/div>\n\t\t\t\t<\/div>\n\t\t\t\t<\/div>","protected":false},"excerpt":{"rendered":"<p>Conform\u00e9ment aux dispositions de la loi n\u00b0 2004-575 du 21 juin 2004 pour la confiance en l&rsquo;\u00e9conomie num\u00e9rique, il est pr\u00e9cis\u00e9 aux utilisateurs du site Clear the Deck l&rsquo;identit\u00e9 des diff\u00e9rents intervenants dans le cadre de sa r\u00e9alisation et de son suivi. Edition du site\u00a0 Le pr\u00e9sent site, accessible \u00e0 l\u2019URL www.clearthedeck.fr (le \u00ab Site [&hellip;]<\/p>\n","protected":false},"author":1,"featured_media":0,"parent":0,"menu_order":0,"comment_status":"closed","ping_status":"closed","template":"","meta":{"footnotes":""},"class_list":["post-2","page","type-page","status-publish","hentry"],"yoast_head":"<!-- This site is optimized with the Yoast SEO plugin v27.4 - https:\/\/yoast.com\/product\/yoast-seo-wordpress\/ -->\n<title>Mentions l\u00e9gales - Clear the Deck<\/title>\n<meta name=\"robots\" content=\"index, follow, max-snippet:-1, max-image-preview:large, max-video-preview:-1\" \/>\n<link rel=\"canonical\" href=\"https:\/\/clearthedeck.fr\/en\/mentions-legales\/\" \/>\n<meta property=\"og:locale\" content=\"en_US\" \/>\n<meta property=\"og:type\" content=\"article\" \/>\n<meta property=\"og:title\" content=\"Mentions l\u00e9gales - Clear the Deck\" \/>\n<meta property=\"og:description\" content=\"Conform\u00e9ment aux dispositions de la loi n\u00b0 2004-575 du 21 juin 2004 pour la confiance en l&rsquo;\u00e9conomie num\u00e9rique, il est pr\u00e9cis\u00e9 aux utilisateurs du site Clear the Deck l&rsquo;identit\u00e9 des diff\u00e9rents intervenants dans le cadre de sa r\u00e9alisation et de son suivi. Edition du site\u00a0 Le pr\u00e9sent site, accessible \u00e0 l\u2019URL www.clearthedeck.fr (le \u00ab Site [&hellip;]\" \/>\n<meta property=\"og:url\" content=\"https:\/\/clearthedeck.fr\/en\/mentions-legales\/\" \/>\n<meta property=\"og:site_name\" content=\"Clear the Deck\" \/>\n<meta property=\"article:modified_time\" content=\"2025-07-18T14:53:15+00:00\" \/>\n<meta name=\"twitter:card\" content=\"summary_large_image\" \/>\n<meta name=\"twitter:label1\" content=\"Est. reading time\" \/>\n\t<meta name=\"twitter:data1\" content=\"1 minute\" \/>\n<script type=\"application\/ld+json\" class=\"yoast-schema-graph\">{\"@context\":\"https:\\\/\\\/schema.org\",\"@graph\":[{\"@type\":\"WebPage\",\"@id\":\"https:\\\/\\\/clearthedeck.fr\\\/mentions-legales\\\/\",\"url\":\"https:\\\/\\\/clearthedeck.fr\\\/mentions-legales\\\/\",\"name\":\"Mentions l\u00e9gales - Clear the Deck\",\"isPartOf\":{\"@id\":\"https:\\\/\\\/clearthedeck.fr\\\/#website\"},\"datePublished\":\"2025-06-05T14:16:24+00:00\",\"dateModified\":\"2025-07-18T14:53:15+00:00\",\"breadcrumb\":{\"@id\":\"https:\\\/\\\/clearthedeck.fr\\\/mentions-legales\\\/#breadcrumb\"},\"inLanguage\":\"en-US\",\"potentialAction\":[{\"@type\":\"ReadAction\",\"target\":[\"https:\\\/\\\/clearthedeck.fr\\\/mentions-legales\\\/\"]}]},{\"@type\":\"BreadcrumbList\",\"@id\":\"https:\\\/\\\/clearthedeck.fr\\\/mentions-legales\\\/#breadcrumb\",\"itemListElement\":[{\"@type\":\"ListItem\",\"position\":1,\"name\":\"Accueil\",\"item\":\"https:\\\/\\\/clearthedeck.fr\\\/\"},{\"@type\":\"ListItem\",\"position\":2,\"name\":\"Mentions l\u00e9gales\"}]},{\"@type\":\"WebSite\",\"@id\":\"https:\\\/\\\/clearthedeck.fr\\\/#website\",\"url\":\"https:\\\/\\\/clearthedeck.fr\\\/\",\"name\":\"Clear the Deck\",\"description\":\"Jeux introspectifs et narratifs\",\"publisher\":{\"@id\":\"https:\\\/\\\/clearthedeck.fr\\\/#organization\"},\"potentialAction\":[{\"@type\":\"SearchAction\",\"target\":{\"@type\":\"EntryPoint\",\"urlTemplate\":\"https:\\\/\\\/clearthedeck.fr\\\/?s={search_term_string}\"},\"query-input\":{\"@type\":\"PropertyValueSpecification\",\"valueRequired\":true,\"valueName\":\"search_term_string\"}}],\"inLanguage\":\"en-US\"},{\"@type\":\"Organization\",\"@id\":\"https:\\\/\\\/clearthedeck.fr\\\/#organization\",\"name\":\"Clear the Deck\",\"url\":\"https:\\\/\\\/clearthedeck.fr\\\/\",\"logo\":{\"@type\":\"ImageObject\",\"inLanguage\":\"en-US\",\"@id\":\"https:\\\/\\\/clearthedeck.fr\\\/#\\\/schema\\\/logo\\\/image\\\/\",\"url\":\"https:\\\/\\\/clearthedeck.fr\\\/wp-content\\\/uploads\\\/2025\\\/06\\\/logo_ctd.svg\",\"contentUrl\":\"https:\\\/\\\/clearthedeck.fr\\\/wp-content\\\/uploads\\\/2025\\\/06\\\/logo_ctd.svg\",\"width\":187,\"height\":105,\"caption\":\"Clear the Deck\"},\"image\":{\"@id\":\"https:\\\/\\\/clearthedeck.fr\\\/#\\\/schema\\\/logo\\\/image\\\/\"}}]}<\/script>\n<!-- \/ Yoast SEO plugin. -->","yoast_head_json":{"title":"Mentions l\u00e9gales - Clear the Deck","robots":{"index":"index","follow":"follow","max-snippet":"max-snippet:-1","max-image-preview":"max-image-preview:large","max-video-preview":"max-video-preview:-1"},"canonical":"https:\/\/clearthedeck.fr\/en\/mentions-legales\/","og_locale":"en_US","og_type":"article","og_title":"Mentions l\u00e9gales - Clear the Deck","og_description":"Conform\u00e9ment aux dispositions de la loi n\u00b0 2004-575 du 21 juin 2004 pour la confiance en l&rsquo;\u00e9conomie num\u00e9rique, il est pr\u00e9cis\u00e9 aux utilisateurs du site Clear the Deck l&rsquo;identit\u00e9 des diff\u00e9rents intervenants dans le cadre de sa r\u00e9alisation et de son suivi. Edition du site\u00a0 Le pr\u00e9sent site, accessible \u00e0 l\u2019URL www.clearthedeck.fr (le \u00ab Site [&hellip;]","og_url":"https:\/\/clearthedeck.fr\/en\/mentions-legales\/","og_site_name":"Clear the Deck","article_modified_time":"2025-07-18T14:53:15+00:00","twitter_card":"summary_large_image","twitter_misc":{"Est. reading time":"1 minute"},"schema":{"@context":"https:\/\/schema.org","@graph":[{"@type":"WebPage","@id":"https:\/\/clearthedeck.fr\/mentions-legales\/","url":"https:\/\/clearthedeck.fr\/mentions-legales\/","name":"Mentions l\u00e9gales - Clear the Deck","isPartOf":{"@id":"https:\/\/clearthedeck.fr\/#website"},"datePublished":"2025-06-05T14:16:24+00:00","dateModified":"2025-07-18T14:53:15+00:00","breadcrumb":{"@id":"https:\/\/clearthedeck.fr\/mentions-legales\/#breadcrumb"},"inLanguage":"en-US","potentialAction":[{"@type":"ReadAction","target":["https:\/\/clearthedeck.fr\/mentions-legales\/"]}]},{"@type":"BreadcrumbList","@id":"https:\/\/clearthedeck.fr\/mentions-legales\/#breadcrumb","itemListElement":[{"@type":"ListItem","position":1,"name":"Accueil","item":"https:\/\/clearthedeck.fr\/"},{"@type":"ListItem","position":2,"name":"Mentions l\u00e9gales"}]},{"@type":"WebSite","@id":"https:\/\/clearthedeck.fr\/#website","url":"https:\/\/clearthedeck.fr\/","name":"Clear the Deck","description":"Jeux introspectifs et narratifs","publisher":{"@id":"https:\/\/clearthedeck.fr\/#organization"},"potentialAction":[{"@type":"SearchAction","target":{"@type":"EntryPoint","urlTemplate":"https:\/\/clearthedeck.fr\/?s={search_term_string}"},"query-input":{"@type":"PropertyValueSpecification","valueRequired":true,"valueName":"search_term_string"}}],"inLanguage":"en-US"},{"@type":"Organization","@id":"https:\/\/clearthedeck.fr\/#organization","name":"Clear the Deck","url":"https:\/\/clearthedeck.fr\/","logo":{"@type":"ImageObject","inLanguage":"en-US","@id":"https:\/\/clearthedeck.fr\/#\/schema\/logo\/image\/","url":"https:\/\/clearthedeck.fr\/wp-content\/uploads\/2025\/06\/logo_ctd.svg","contentUrl":"https:\/\/clearthedeck.fr\/wp-content\/uploads\/2025\/06\/logo_ctd.svg","width":187,"height":105,"caption":"Clear the Deck"},"image":{"@id":"https:\/\/clearthedeck.fr\/#\/schema\/logo\/image\/"}}]}},"_links":{"self":[{"href":"https:\/\/clearthedeck.fr\/en\/wp-json\/wp\/v2\/pages\/2","targetHints":{"allow":["GET"]}}],"collection":[{"href":"https:\/\/clearthedeck.fr\/en\/wp-json\/wp\/v2\/pages"}],"about":[{"href":"https:\/\/clearthedeck.fr\/en\/wp-json\/wp\/v2\/types\/page"}],"author":[{"embeddable":true,"href":"https:\/\/clearthedeck.fr\/en\/wp-json\/wp\/v2\/users\/1"}],"replies":[{"embeddable":true,"href":"https:\/\/clearthedeck.fr\/en\/wp-json\/wp\/v2\/comments?post=2"}],"version-history":[{"count":10,"href":"https:\/\/clearthedeck.fr\/en\/wp-json\/wp\/v2\/pages\/2\/revisions"}],"predecessor-version":[{"id":578,"href":"https:\/\/clearthedeck.fr\/en\/wp-json\/wp\/v2\/pages\/2\/revisions\/578"}],"wp:attachment":[{"href":"https:\/\/clearthedeck.fr\/en\/wp-json\/wp\/v2\/media?parent=2"}],"curies":[{"name":"wp","href":"https:\/\/api.w.org\/{rel}","templated":true}]}}