{"id":208,"date":"2025-07-06T16:29:37","date_gmt":"2025-07-06T14:29:37","guid":{"rendered":"https:\/\/clearthedeck.fr\/?page_id=208"},"modified":"2025-08-17T01:06:39","modified_gmt":"2025-08-16T23:06:39","slug":"oracle-des-champimignons","status":"publish","type":"page","link":"https:\/\/clearthedeck.fr\/en\/projets\/oracle-des-champimignons\/","title":{"rendered":"Oracle of the Mushrooms (WIP)"},"content":{"rendered":"<div data-elementor-type=\"wp-post\" data-elementor-id=\"208\" class=\"elementor elementor-208\">\n\t\t\t\t<div class=\"elementor-element elementor-element-2ade3b2 e-flex e-con-boxed e-con e-parent\" data-id=\"2ade3b2\" data-element_type=\"container\" data-e-type=\"container\">\n\t\t\t\t\t<div class=\"e-con-inner\">\n\t\t\t\t<div class=\"elementor-element elementor-element-2748940 elementor-widget elementor-widget-hfe-breadcrumbs-widget\" data-id=\"2748940\" data-element_type=\"widget\" data-e-type=\"widget\" data-widget_type=\"hfe-breadcrumbs-widget.default\">\n\t\t\t\t<div class=\"elementor-widget-container\">\n\t\t\t\t\t<nav aria-label=\"Breadcrumb\"><ul class=\"hfe-breadcrumbs\"><\/ul><\/nav>\t\t\t\t<\/div>\n\t\t\t\t<\/div>\n\t\t\t\t\t<\/div>\n\t\t\t\t<\/div>\n\t\t<div class=\"elementor-element elementor-element-2528656 e-flex e-con-boxed e-con e-parent\" data-id=\"2528656\" data-element_type=\"container\" data-e-type=\"container\">\n\t\t\t\t\t<div class=\"e-con-inner\">\n\t\t<div class=\"elementor-element elementor-element-554c3fc e-con-full e-flex e-con e-child\" data-id=\"554c3fc\" data-element_type=\"container\" data-e-type=\"container\">\n\t\t\t\t<div class=\"elementor-element elementor-element-c0a8a51 elementor-widget__width-initial elementor-widget elementor-widget-text-editor\" data-id=\"c0a8a51\" data-element_type=\"widget\" data-e-type=\"widget\" data-widget_type=\"text-editor.default\">\n\t\t\t\t<div class=\"elementor-widget-container\">\n\t\t\t\t\t\t\t\t\t<p><em><span style=\"color: #ffcc00;\"><strong>This project is currently underway<br \/><\/strong><\/span><\/em><em><span style=\"color: #ffcc00;\"><strong> (WIP &#8211; Work In Progress)<\/strong><\/span><\/em><\/p><p><span style=\"font-weight: 400;\">This oracle is a compendium of knowledge, carefully compiled to help you learn more about the characteristics, benefits, and potential dangers you may encounter when foraging for mushrooms.<\/span><\/p><p><span style=\"font-weight: 400;\">This quest is not merely culinary or scientific: it is meant to be an inner journey, a way of discovering oneself through the unique qualities of those mischievous little creatures known as Champimignons.<\/span><\/p>\t\t\t\t\t\t\t\t<\/div>\n\t\t\t\t<\/div>\n\t\t\t\t<\/div>\n\t\t<div class=\"elementor-element elementor-element-2a83e2b e-con-full e-flex e-con e-child\" data-id=\"2a83e2b\" data-element_type=\"container\" data-e-type=\"container\">\n\t\t\t\t<div class=\"elementor-element elementor-element-8e408fc elementor-widget elementor-widget-image\" data-id=\"8e408fc\" data-element_type=\"widget\" data-e-type=\"widget\" data-widget_type=\"image.default\">\n\t\t\t\t<div class=\"elementor-widget-container\">\n\t\t\t\t\t\t\t\t\t\t\t\t\t\t\t<img fetchpriority=\"high\" decoding=\"async\" width=\"562\" height=\"369\" src=\"https:\/\/clearthedeck.fr\/wp-content\/uploads\/2025\/07\/Champimignon.webp\" class=\"attachment-large size-large wp-image-212\" alt=\"Champimignon\" srcset=\"https:\/\/clearthedeck.fr\/wp-content\/uploads\/2025\/07\/Champimignon.webp 562w, https:\/\/clearthedeck.fr\/wp-content\/uploads\/2025\/07\/Champimignon-300x197.webp 300w\" sizes=\"(max-width: 562px) 100vw, 562px\" \/>\t\t\t\t\t\t\t\t\t\t\t\t\t\t\t<\/div>\n\t\t\t\t<\/div>\n\t\t\t\t<\/div>\n\t\t\t\t\t<\/div>\n\t\t\t\t<\/div>\n\t\t<div class=\"elementor-element elementor-element-9b7924f e-flex e-con-boxed e-con e-parent\" data-id=\"9b7924f\" data-element_type=\"container\" data-e-type=\"container\">\n\t\t\t\t\t<div class=\"e-con-inner\">\n\t\t<div class=\"elementor-element elementor-element-b5fb9de e-con-full e-flex e-con e-child\" data-id=\"b5fb9de\" data-element_type=\"container\" data-e-type=\"container\">\n\t\t\t\t<div class=\"elementor-element elementor-element-0ca046c elementor-widget elementor-widget-image\" data-id=\"0ca046c\" data-element_type=\"widget\" data-e-type=\"widget\" data-widget_type=\"image.default\">\n\t\t\t\t<div class=\"elementor-widget-container\">\n\t\t\t\t\t\t\t\t\t\t\t\t\t\t\t<img decoding=\"async\" width=\"700\" height=\"700\" src=\"https:\/\/clearthedeck.fr\/wp-content\/uploads\/2025\/07\/ChampimignonTest.webp\" class=\"attachment-large size-large wp-image-213\" alt=\"ChampimignonTest\" srcset=\"https:\/\/clearthedeck.fr\/wp-content\/uploads\/2025\/07\/ChampimignonTest.webp 700w, https:\/\/clearthedeck.fr\/wp-content\/uploads\/2025\/07\/ChampimignonTest-300x300.webp 300w, https:\/\/clearthedeck.fr\/wp-content\/uploads\/2025\/07\/ChampimignonTest-150x150.webp 150w\" sizes=\"(max-width: 700px) 100vw, 700px\" \/>\t\t\t\t\t\t\t\t\t\t\t\t\t\t\t<\/div>\n\t\t\t\t<\/div>\n\t\t\t\t<\/div>\n\t\t<div class=\"elementor-element elementor-element-51f144f e-con-full e-flex e-con e-child\" data-id=\"51f144f\" data-element_type=\"container\" data-e-type=\"container\">\n\t\t\t\t<div class=\"elementor-element elementor-element-e5b78c8 elementor-widget elementor-widget-text-editor\" data-id=\"e5b78c8\" data-element_type=\"widget\" data-e-type=\"widget\" data-widget_type=\"text-editor.default\">\n\t\t\t\t<div class=\"elementor-widget-container\">\n\t\t\t\t\t\t\t\t\t<p><span style=\"font-weight: 400;\">It was as fall 2020 approached that the idea for Champimignons first took shape with the <em>Mushroom Smaugust<\/em> by Coliandre, Svan, Sifhel, and Chane. Their list serves as the starting point for this project, which was expanded the following year with additional specimens.\u00a0<\/span><\/p><p><span style=\"font-weight: 400;\">Initial sketches are conceived as two-page spreads, reminiscent of old school biology charts, depicting the world of fungi.\u00a0<\/span><\/p><p><span style=\"font-weight: 400;\">The goal: to format and color them for September.\u00a0<\/span><\/p><p><span style=\"font-weight: 400;\">But as the creative process unfolded, a distinct personality began to emerge for these little beings, along with characteristics tied to their unique traits. The idea of an oracle began to take shape, but its content and purpose remained somewhat vague. In the end, only eight creatures were created during this period.<\/span><\/p><p><span style=\"font-weight: 400;\">Although put on hold, this oracle project has taken on a new ambition over the years: to offer a beautiful and touching game, but above all, content that has been carefully conceived and crafted based on meticulous research\u2014spanning mycology, symbolism, and at times mythology and even ethnology\u2014to approach each specimen with as much authenticity as possible.<\/span><\/p>\t\t\t\t\t\t\t\t<\/div>\n\t\t\t\t<\/div>\n\t\t\t\t<\/div>\n\t\t\t\t\t<\/div>\n\t\t\t\t<\/div>\n\t\t<div class=\"elementor-element elementor-element-8331c9d e-flex e-con-boxed e-con e-parent\" data-id=\"8331c9d\" data-element_type=\"container\" data-e-type=\"container\">\n\t\t\t\t\t<div class=\"e-con-inner\">\n\t\t\t\t<div class=\"elementor-element elementor-element-7e9e2c6 elementor-widget elementor-widget-accordion\" data-id=\"7e9e2c6\" data-element_type=\"widget\" data-e-type=\"widget\" data-widget_type=\"accordion.default\">\n\t\t\t\t<div class=\"elementor-widget-container\">\n\t\t\t\t\t\t\t<div class=\"elementor-accordion\">\n\t\t\t\t\t\t\t<div class=\"elementor-accordion-item\">\n\t\t\t\t\t<div id=\"elementor-tab-title-1321\" class=\"elementor-tab-title\" data-tab=\"1\" role=\"button\" aria-controls=\"elementor-tab-content-1321\" aria-expanded=\"false\">\n\t\t\t\t\t\t\t\t\t\t\t\t\t<span class=\"elementor-accordion-icon elementor-accordion-icon-left\" aria-hidden=\"true\">\n\t\t\t\t\t\t\t\t\t\t\t\t\t\t\t<span class=\"elementor-accordion-icon-closed\"><svg class=\"e-font-icon-svg e-fas-plus\" viewbox=\"0 0 448 512\" xmlns=\"http:\/\/www.w3.org\/2000\/svg\"><path d=\"M416 208H272V64c0-17.67-14.33-32-32-32h-32c-17.67 0-32 14.33-32 32v144H32c-17.67 0-32 14.33-32 32v32c0 17.67 14.33 32 32 32h144v144c0 17.67 14.33 32 32 32h32c17.67 0 32-14.33 32-32V304h144c17.67 0 32-14.33 32-32v-32c0-17.67-14.33-32-32-32z\"><\/path><\/svg><\/span>\n\t\t\t\t\t\t\t\t<span class=\"elementor-accordion-icon-opened\"><svg class=\"e-font-icon-svg e-fas-minus\" viewbox=\"0 0 448 512\" xmlns=\"http:\/\/www.w3.org\/2000\/svg\"><path d=\"M416 208H32c-17.67 0-32 14.33-32 32v32c0 17.67 14.33 32 32 32h384c17.67 0 32-14.33 32-32v-32c0-17.67-14.33-32-32-32z\"><\/path><\/svg><\/span>\n\t\t\t\t\t\t\t\t\t\t\t\t\t\t<\/span>\n\t\t\t\t\t\t\t\t\t\t\t\t<a class=\"elementor-accordion-title\" tabindex=\"0\">Description<\/a>\n\t\t\t\t\t<\/div>\n\t\t\t\t\t<div id=\"elementor-tab-content-1321\" class=\"elementor-tab-content elementor-clearfix\" data-tab=\"1\" role=\"region\" aria-labelledby=\"elementor-tab-title-1321\"><p>The number of cards has not yet been determined, and the project is still underway. Ideally, we would like to find enough relevant concepts to pair with the mushrooms and strike a balance among the various categories of mushrooms:\u00a0<\/p><ul><li>The Edibles<\/li><li>The toxic substances<\/li><li>The hallucinogens<\/li><\/ul><p>\u00a0<\/p><p>Each card will include the mushroom's common name, its scientific name, and the concept associated with the card.<\/p><p>The game will come with an instruction booklet that includes the following information for each card:\u00a0<\/p><ul><li>The \u201cPower\u201d of the champimignon\u2026 understanding the concept behind it, all presented in the form of a magical story.<\/li><li>The message, or how to interpret this card during a reading.<\/li><li>An inspiring quote.<\/li><\/ul><\/div>\n\t\t\t\t<\/div>\n\t\t\t\t\t\t\t<div class=\"elementor-accordion-item\">\n\t\t\t\t\t<div id=\"elementor-tab-title-1322\" class=\"elementor-tab-title\" data-tab=\"2\" role=\"button\" aria-controls=\"elementor-tab-content-1322\" aria-expanded=\"false\">\n\t\t\t\t\t\t\t\t\t\t\t\t\t<span class=\"elementor-accordion-icon elementor-accordion-icon-left\" aria-hidden=\"true\">\n\t\t\t\t\t\t\t\t\t\t\t\t\t\t\t<span class=\"elementor-accordion-icon-closed\"><svg class=\"e-font-icon-svg e-fas-plus\" viewbox=\"0 0 448 512\" xmlns=\"http:\/\/www.w3.org\/2000\/svg\"><path d=\"M416 208H272V64c0-17.67-14.33-32-32-32h-32c-17.67 0-32 14.33-32 32v144H32c-17.67 0-32 14.33-32 32v32c0 17.67 14.33 32 32 32h144v144c0 17.67 14.33 32 32 32h32c17.67 0 32-14.33 32-32V304h144c17.67 0 32-14.33 32-32v-32c0-17.67-14.33-32-32-32z\"><\/path><\/svg><\/span>\n\t\t\t\t\t\t\t\t<span class=\"elementor-accordion-icon-opened\"><svg class=\"e-font-icon-svg e-fas-minus\" viewbox=\"0 0 448 512\" xmlns=\"http:\/\/www.w3.org\/2000\/svg\"><path d=\"M416 208H32c-17.67 0-32 14.33-32 32v32c0 17.67 14.33 32 32 32h384c17.67 0 32-14.33 32-32v-32c0-17.67-14.33-32-32-32z\"><\/path><\/svg><\/span>\n\t\t\t\t\t\t\t\t\t\t\t\t\t\t<\/span>\n\t\t\t\t\t\t\t\t\t\t\t\t<a class=\"elementor-accordion-title\" tabindex=\"0\">Features<\/a>\n\t\t\t\t\t<\/div>\n\t\t\t\t\t<div id=\"elementor-tab-content-1322\" class=\"elementor-tab-content elementor-clearfix\" data-tab=\"2\" role=\"region\" aria-labelledby=\"elementor-tab-title-1322\"><p>The cards will be square with rounded corners.\u00a0<br \/>The finishing touches and layout have not yet been finalized.<\/p><\/div>\n\t\t\t\t<\/div>\n\t\t\t\t\t\t\t\t<\/div>\n\t\t\t\t\t\t<\/div>\n\t\t\t\t<\/div>\n\t\t\t\t\t<\/div>\n\t\t\t\t<\/div>\n\t\t<div class=\"elementor-element elementor-element-ecd751f e-flex e-con-boxed e-con e-parent\" data-id=\"ecd751f\" data-element_type=\"container\" data-e-type=\"container\">\n\t\t\t\t\t<div class=\"e-con-inner\">\n\t\t\t\t\t<\/div>\n\t\t\t\t<\/div>\n\t\t<div class=\"elementor-element elementor-element-7b61161 e-flex e-con-boxed e-con e-parent\" data-id=\"7b61161\" data-element_type=\"container\" data-e-type=\"container\">\n\t\t\t\t\t<div class=\"e-con-inner\">\n\t\t\t\t<div class=\"elementor-element elementor-element-c7d11ed elementor-widget elementor-widget-text-editor\" data-id=\"c7d11ed\" data-element_type=\"widget\" data-e-type=\"widget\" data-widget_type=\"text-editor.default\">\n\t\t\t\t<div class=\"elementor-widget-container\">\n\t\t\t\t\t\t\t\t\t<p style=\"text-align: center;\">To be continued \u2026<\/p>\t\t\t\t\t\t\t\t<\/div>\n\t\t\t\t<\/div>\n\t\t\t\t\t<\/div>\n\t\t\t\t<\/div>\n\t\t\t\t<\/div>","protected":false},"excerpt":{"rendered":"<p>Ce projet est en cours (WIP &#8211; Work In Progress) Cet oracle est un condens\u00e9 de savoir, recueilli avec soin dans le but d&rsquo;en apprendre davantage sur les propri\u00e9t\u00e9s, les bienfaits, mais aussi les dangers auxquels vous pouvez \u00eatre confront\u00e9 lors de la cueillette de champignons. Cette qu\u00eate n\u2019est pas seulement culinaire ou scientifique : [&hellip;]<\/p>\n","protected":false},"author":1,"featured_media":0,"parent":329,"menu_order":0,"comment_status":"closed","ping_status":"closed","template":"","meta":{"footnotes":""},"class_list":["post-208","page","type-page","status-publish","hentry"],"yoast_head":"<!-- This site is optimized with the Yoast SEO plugin v27.4 - https:\/\/yoast.com\/product\/yoast-seo-wordpress\/ -->\n<title>Oracle des Champimignons (WIP) - Clear the Deck<\/title>\n<meta name=\"description\" content=\"Clear the Deck Lenormand est un jeu introspectif inspir\u00e9 du Petit Lenormand. Il a \u00e9t\u00e9 con\u00e7u dans l\u2019univers ludique de la piraterie !\" \/>\n<meta name=\"robots\" content=\"index, follow, max-snippet:-1, max-image-preview:large, max-video-preview:-1\" \/>\n<link rel=\"canonical\" href=\"https:\/\/clearthedeck.fr\/en\/projets\/oracle-des-champimignons\/\" \/>\n<meta property=\"og:locale\" content=\"en_US\" \/>\n<meta property=\"og:type\" content=\"article\" \/>\n<meta property=\"og:title\" content=\"Oracle des Champimignons (WIP) - Clear the Deck\" \/>\n<meta property=\"og:description\" content=\"Clear the Deck Lenormand est un jeu introspectif inspir\u00e9 du Petit Lenormand. Il a \u00e9t\u00e9 con\u00e7u dans l\u2019univers ludique de la piraterie !\" \/>\n<meta property=\"og:url\" content=\"https:\/\/clearthedeck.fr\/en\/projets\/oracle-des-champimignons\/\" \/>\n<meta property=\"og:site_name\" content=\"Clear the Deck\" \/>\n<meta property=\"article:modified_time\" content=\"2025-08-16T23:06:39+00:00\" \/>\n<meta property=\"og:image\" content=\"https:\/\/clearthedeck.fr\/wp-content\/uploads\/2025\/07\/Champimignon.webp\" \/>\n\t<meta property=\"og:image:width\" content=\"562\" \/>\n\t<meta property=\"og:image:height\" content=\"369\" \/>\n\t<meta property=\"og:image:type\" content=\"image\/webp\" \/>\n<meta name=\"twitter:card\" content=\"summary_large_image\" \/>\n<meta name=\"twitter:label1\" content=\"Est. reading time\" \/>\n\t<meta name=\"twitter:data1\" content=\"1 minute\" \/>\n<script type=\"application\/ld+json\" class=\"yoast-schema-graph\">{\"@context\":\"https:\\\/\\\/schema.org\",\"@graph\":[{\"@type\":\"WebPage\",\"@id\":\"https:\\\/\\\/clearthedeck.fr\\\/projets\\\/oracle-des-champimignons\\\/\",\"url\":\"https:\\\/\\\/clearthedeck.fr\\\/projets\\\/oracle-des-champimignons\\\/\",\"name\":\"Oracle des Champimignons (WIP) - Clear the Deck\",\"isPartOf\":{\"@id\":\"https:\\\/\\\/clearthedeck.fr\\\/#website\"},\"primaryImageOfPage\":{\"@id\":\"https:\\\/\\\/clearthedeck.fr\\\/projets\\\/oracle-des-champimignons\\\/#primaryimage\"},\"image\":{\"@id\":\"https:\\\/\\\/clearthedeck.fr\\\/projets\\\/oracle-des-champimignons\\\/#primaryimage\"},\"thumbnailUrl\":\"https:\\\/\\\/clearthedeck.fr\\\/wp-content\\\/uploads\\\/2025\\\/07\\\/Champimignon.webp\",\"datePublished\":\"2025-07-06T14:29:37+00:00\",\"dateModified\":\"2025-08-16T23:06:39+00:00\",\"description\":\"Clear the Deck Lenormand est un jeu introspectif inspir\u00e9 du Petit Lenormand. Il a \u00e9t\u00e9 con\u00e7u dans l\u2019univers ludique de la piraterie !\",\"breadcrumb\":{\"@id\":\"https:\\\/\\\/clearthedeck.fr\\\/projets\\\/oracle-des-champimignons\\\/#breadcrumb\"},\"inLanguage\":\"en-US\",\"potentialAction\":[{\"@type\":\"ReadAction\",\"target\":[\"https:\\\/\\\/clearthedeck.fr\\\/projets\\\/oracle-des-champimignons\\\/\"]}]},{\"@type\":\"ImageObject\",\"inLanguage\":\"en-US\",\"@id\":\"https:\\\/\\\/clearthedeck.fr\\\/projets\\\/oracle-des-champimignons\\\/#primaryimage\",\"url\":\"https:\\\/\\\/clearthedeck.fr\\\/wp-content\\\/uploads\\\/2025\\\/07\\\/Champimignon.webp\",\"contentUrl\":\"https:\\\/\\\/clearthedeck.fr\\\/wp-content\\\/uploads\\\/2025\\\/07\\\/Champimignon.webp\"},{\"@type\":\"BreadcrumbList\",\"@id\":\"https:\\\/\\\/clearthedeck.fr\\\/projets\\\/oracle-des-champimignons\\\/#breadcrumb\",\"itemListElement\":[{\"@type\":\"ListItem\",\"position\":1,\"name\":\"Accueil\",\"item\":\"https:\\\/\\\/clearthedeck.fr\\\/\"},{\"@type\":\"ListItem\",\"position\":2,\"name\":\"Projets\",\"item\":\"https:\\\/\\\/clearthedeck.fr\\\/projets\\\/\"},{\"@type\":\"ListItem\",\"position\":3,\"name\":\"Oracle des Champimignons (WIP)\"}]},{\"@type\":\"WebSite\",\"@id\":\"https:\\\/\\\/clearthedeck.fr\\\/#website\",\"url\":\"https:\\\/\\\/clearthedeck.fr\\\/\",\"name\":\"Clear the Deck\",\"description\":\"Jeux introspectifs et narratifs\",\"publisher\":{\"@id\":\"https:\\\/\\\/clearthedeck.fr\\\/#organization\"},\"potentialAction\":[{\"@type\":\"SearchAction\",\"target\":{\"@type\":\"EntryPoint\",\"urlTemplate\":\"https:\\\/\\\/clearthedeck.fr\\\/?s={search_term_string}\"},\"query-input\":{\"@type\":\"PropertyValueSpecification\",\"valueRequired\":true,\"valueName\":\"search_term_string\"}}],\"inLanguage\":\"en-US\"},{\"@type\":\"Organization\",\"@id\":\"https:\\\/\\\/clearthedeck.fr\\\/#organization\",\"name\":\"Clear the Deck\",\"url\":\"https:\\\/\\\/clearthedeck.fr\\\/\",\"logo\":{\"@type\":\"ImageObject\",\"inLanguage\":\"en-US\",\"@id\":\"https:\\\/\\\/clearthedeck.fr\\\/#\\\/schema\\\/logo\\\/image\\\/\",\"url\":\"https:\\\/\\\/clearthedeck.fr\\\/wp-content\\\/uploads\\\/2025\\\/06\\\/logo_ctd.svg\",\"contentUrl\":\"https:\\\/\\\/clearthedeck.fr\\\/wp-content\\\/uploads\\\/2025\\\/06\\\/logo_ctd.svg\",\"width\":187,\"height\":105,\"caption\":\"Clear the Deck\"},\"image\":{\"@id\":\"https:\\\/\\\/clearthedeck.fr\\\/#\\\/schema\\\/logo\\\/image\\\/\"}}]}<\/script>\n<!-- \/ Yoast SEO plugin. -->","yoast_head_json":{"title":"Oracle des Champimignons (WIP) - Clear the Deck","description":"Clear the Deck Lenormand est un jeu introspectif inspir\u00e9 du Petit Lenormand. Il a \u00e9t\u00e9 con\u00e7u dans l\u2019univers ludique de la piraterie !","robots":{"index":"index","follow":"follow","max-snippet":"max-snippet:-1","max-image-preview":"max-image-preview:large","max-video-preview":"max-video-preview:-1"},"canonical":"https:\/\/clearthedeck.fr\/en\/projets\/oracle-des-champimignons\/","og_locale":"en_US","og_type":"article","og_title":"Oracle des Champimignons (WIP) - Clear the Deck","og_description":"Clear the Deck Lenormand est un jeu introspectif inspir\u00e9 du Petit Lenormand. Il a \u00e9t\u00e9 con\u00e7u dans l\u2019univers ludique de la piraterie !","og_url":"https:\/\/clearthedeck.fr\/en\/projets\/oracle-des-champimignons\/","og_site_name":"Clear the Deck","article_modified_time":"2025-08-16T23:06:39+00:00","og_image":[{"width":562,"height":369,"url":"https:\/\/clearthedeck.fr\/wp-content\/uploads\/2025\/07\/Champimignon.webp","type":"image\/webp"}],"twitter_card":"summary_large_image","twitter_misc":{"Est. reading time":"1 minute"},"schema":{"@context":"https:\/\/schema.org","@graph":[{"@type":"WebPage","@id":"https:\/\/clearthedeck.fr\/projets\/oracle-des-champimignons\/","url":"https:\/\/clearthedeck.fr\/projets\/oracle-des-champimignons\/","name":"Oracle des Champimignons (WIP) - Clear the Deck","isPartOf":{"@id":"https:\/\/clearthedeck.fr\/#website"},"primaryImageOfPage":{"@id":"https:\/\/clearthedeck.fr\/projets\/oracle-des-champimignons\/#primaryimage"},"image":{"@id":"https:\/\/clearthedeck.fr\/projets\/oracle-des-champimignons\/#primaryimage"},"thumbnailUrl":"https:\/\/clearthedeck.fr\/wp-content\/uploads\/2025\/07\/Champimignon.webp","datePublished":"2025-07-06T14:29:37+00:00","dateModified":"2025-08-16T23:06:39+00:00","description":"Clear the Deck Lenormand est un jeu introspectif inspir\u00e9 du Petit Lenormand. Il a \u00e9t\u00e9 con\u00e7u dans l\u2019univers ludique de la piraterie !","breadcrumb":{"@id":"https:\/\/clearthedeck.fr\/projets\/oracle-des-champimignons\/#breadcrumb"},"inLanguage":"en-US","potentialAction":[{"@type":"ReadAction","target":["https:\/\/clearthedeck.fr\/projets\/oracle-des-champimignons\/"]}]},{"@type":"ImageObject","inLanguage":"en-US","@id":"https:\/\/clearthedeck.fr\/projets\/oracle-des-champimignons\/#primaryimage","url":"https:\/\/clearthedeck.fr\/wp-content\/uploads\/2025\/07\/Champimignon.webp","contentUrl":"https:\/\/clearthedeck.fr\/wp-content\/uploads\/2025\/07\/Champimignon.webp"},{"@type":"BreadcrumbList","@id":"https:\/\/clearthedeck.fr\/projets\/oracle-des-champimignons\/#breadcrumb","itemListElement":[{"@type":"ListItem","position":1,"name":"Accueil","item":"https:\/\/clearthedeck.fr\/"},{"@type":"ListItem","position":2,"name":"Projets","item":"https:\/\/clearthedeck.fr\/projets\/"},{"@type":"ListItem","position":3,"name":"Oracle des Champimignons (WIP)"}]},{"@type":"WebSite","@id":"https:\/\/clearthedeck.fr\/#website","url":"https:\/\/clearthedeck.fr\/","name":"Clear the Deck","description":"Jeux introspectifs et narratifs","publisher":{"@id":"https:\/\/clearthedeck.fr\/#organization"},"potentialAction":[{"@type":"SearchAction","target":{"@type":"EntryPoint","urlTemplate":"https:\/\/clearthedeck.fr\/?s={search_term_string}"},"query-input":{"@type":"PropertyValueSpecification","valueRequired":true,"valueName":"search_term_string"}}],"inLanguage":"en-US"},{"@type":"Organization","@id":"https:\/\/clearthedeck.fr\/#organization","name":"Clear the Deck","url":"https:\/\/clearthedeck.fr\/","logo":{"@type":"ImageObject","inLanguage":"en-US","@id":"https:\/\/clearthedeck.fr\/#\/schema\/logo\/image\/","url":"https:\/\/clearthedeck.fr\/wp-content\/uploads\/2025\/06\/logo_ctd.svg","contentUrl":"https:\/\/clearthedeck.fr\/wp-content\/uploads\/2025\/06\/logo_ctd.svg","width":187,"height":105,"caption":"Clear the Deck"},"image":{"@id":"https:\/\/clearthedeck.fr\/#\/schema\/logo\/image\/"}}]}},"_links":{"self":[{"href":"https:\/\/clearthedeck.fr\/en\/wp-json\/wp\/v2\/pages\/208","targetHints":{"allow":["GET"]}}],"collection":[{"href":"https:\/\/clearthedeck.fr\/en\/wp-json\/wp\/v2\/pages"}],"about":[{"href":"https:\/\/clearthedeck.fr\/en\/wp-json\/wp\/v2\/types\/page"}],"author":[{"embeddable":true,"href":"https:\/\/clearthedeck.fr\/en\/wp-json\/wp\/v2\/users\/1"}],"replies":[{"embeddable":true,"href":"https:\/\/clearthedeck.fr\/en\/wp-json\/wp\/v2\/comments?post=208"}],"version-history":[{"count":38,"href":"https:\/\/clearthedeck.fr\/en\/wp-json\/wp\/v2\/pages\/208\/revisions"}],"predecessor-version":[{"id":875,"href":"https:\/\/clearthedeck.fr\/en\/wp-json\/wp\/v2\/pages\/208\/revisions\/875"}],"up":[{"embeddable":true,"href":"https:\/\/clearthedeck.fr\/en\/wp-json\/wp\/v2\/pages\/329"}],"wp:attachment":[{"href":"https:\/\/clearthedeck.fr\/en\/wp-json\/wp\/v2\/media?parent=208"}],"curies":[{"name":"wp","href":"https:\/\/api.w.org\/{rel}","templated":true}]}}