{"id":262,"date":"2025-07-06T22:53:06","date_gmt":"2025-07-06T20:53:06","guid":{"rendered":"https:\/\/clearthedeck.fr\/?page_id=262"},"modified":"2025-12-24T12:45:11","modified_gmt":"2025-12-24T11:45:11","slug":"tarot-des-femmes-artistes-wip","status":"publish","type":"page","link":"https:\/\/clearthedeck.fr\/en\/projets\/tarot-des-femmes-artistes-wip\/","title":{"rendered":"Tarot of Women Artists (WIP)"},"content":{"rendered":"<div data-elementor-type=\"wp-post\" data-elementor-id=\"262\" class=\"elementor elementor-262\">\n\t\t\t\t<div class=\"elementor-element elementor-element-c7d166c e-flex e-con-boxed e-con e-parent\" data-id=\"c7d166c\" data-element_type=\"container\" data-e-type=\"container\">\n\t\t\t\t\t<div class=\"e-con-inner\">\n\t\t\t\t<div class=\"elementor-element elementor-element-5021584 elementor-widget elementor-widget-hfe-breadcrumbs-widget\" data-id=\"5021584\" data-element_type=\"widget\" data-e-type=\"widget\" data-widget_type=\"hfe-breadcrumbs-widget.default\">\n\t\t\t\t<div class=\"elementor-widget-container\">\n\t\t\t\t\t<nav aria-label=\"Breadcrumb\"><ul class=\"hfe-breadcrumbs\"><\/ul><\/nav>\t\t\t\t<\/div>\n\t\t\t\t<\/div>\n\t\t\t\t\t<\/div>\n\t\t\t\t<\/div>\n\t\t<div class=\"elementor-element elementor-element-2528656 e-flex e-con-boxed e-con e-parent\" data-id=\"2528656\" data-element_type=\"container\" data-e-type=\"container\">\n\t\t\t\t\t<div class=\"e-con-inner\">\n\t\t<div class=\"elementor-element elementor-element-554c3fc e-con-full e-flex e-con e-child\" data-id=\"554c3fc\" data-element_type=\"container\" data-e-type=\"container\">\n\t\t\t\t<div class=\"elementor-element elementor-element-c0a8a51 elementor-widget__width-initial elementor-widget elementor-widget-text-editor\" data-id=\"c0a8a51\" data-element_type=\"widget\" data-e-type=\"widget\" data-widget_type=\"text-editor.default\">\n\t\t\t\t<div class=\"elementor-widget-container\">\n\t\t\t\t\t\t\t\t\t<p><em><span style=\"color: #ffcc00;\"><strong>This project is currently underway<br \/><\/strong><\/span><\/em><em><span style=\"color: #ffcc00;\"><strong> (WIP &#8211; Work In Progress)<\/strong><\/span><\/em><\/p><p>Based on existing works, this Smith-Rider-Waite-style Tarot deck aims to bring attention to numerous female artists\u2014some well-known, others less so\u2014who have sometimes been forgotten or only recently rediscovered.<\/p><p>Their stories illustrate the mysteries and embody the archetypes, just as much as their fascinating work does.<\/p>\t\t\t\t\t\t\t\t<\/div>\n\t\t\t\t<\/div>\n\t\t\t\t<\/div>\n\t\t<div class=\"elementor-element elementor-element-2a83e2b e-con-full e-flex e-con e-child\" data-id=\"2a83e2b\" data-element_type=\"container\" data-e-type=\"container\">\n\t\t\t\t<div class=\"elementor-element elementor-element-acc023f elementor-widget elementor-widget-video\" data-id=\"acc023f\" data-element_type=\"widget\" data-e-type=\"widget\" data-settings=\"{&quot;youtube_url&quot;:&quot;https:\\\/\\\/youtu.be\\\/Kr3vML4qroI&quot;,&quot;video_type&quot;:&quot;youtube&quot;,&quot;controls&quot;:&quot;yes&quot;}\" data-widget_type=\"video.default\">\n\t\t\t\t<div class=\"elementor-widget-container\">\n\t\t\t\t\t\t\t<div class=\"elementor-wrapper elementor-open-inline\">\n\t\t\t<div class=\"elementor-video\"><\/div>\t\t<\/div>\n\t\t\t\t\t\t<\/div>\n\t\t\t\t<\/div>\n\t\t\t\t<\/div>\n\t\t\t\t\t<\/div>\n\t\t\t\t<\/div>\n\t\t<div class=\"elementor-element elementor-element-0951537 e-flex e-con-boxed e-con e-parent\" data-id=\"0951537\" data-element_type=\"container\" data-e-type=\"container\">\n\t\t\t\t\t<div class=\"e-con-inner\">\n\t\t<div class=\"elementor-element elementor-element-3d8092d e-con-full e-flex e-con e-child\" data-id=\"3d8092d\" data-element_type=\"container\" data-e-type=\"container\">\n\t\t\t\t<div class=\"elementor-element elementor-element-dd279ae elementor-widget elementor-widget-image\" data-id=\"dd279ae\" data-element_type=\"widget\" data-e-type=\"widget\" data-widget_type=\"image.default\">\n\t\t\t\t<div class=\"elementor-widget-container\">\n\t\t\t\t\t\t\t\t\t\t\t\t\t\t\t<img fetchpriority=\"high\" decoding=\"async\" width=\"800\" height=\"470\" src=\"https:\/\/clearthedeck.fr\/wp-content\/uploads\/2025\/08\/Femart_major-1024x602.webp\" class=\"attachment-large size-large wp-image-830\" alt=\"\" srcset=\"https:\/\/clearthedeck.fr\/wp-content\/uploads\/2025\/08\/Femart_major-1024x602.webp 1024w, https:\/\/clearthedeck.fr\/wp-content\/uploads\/2025\/08\/Femart_major-300x176.webp 300w, https:\/\/clearthedeck.fr\/wp-content\/uploads\/2025\/08\/Femart_major-768x452.webp 768w, https:\/\/clearthedeck.fr\/wp-content\/uploads\/2025\/08\/Femart_major-1536x904.webp 1536w, https:\/\/clearthedeck.fr\/wp-content\/uploads\/2025\/08\/Femart_major.webp 1591w\" sizes=\"(max-width: 800px) 100vw, 800px\" \/>\t\t\t\t\t\t\t\t\t\t\t\t\t\t\t<\/div>\n\t\t\t\t<\/div>\n\t\t\t\t<\/div>\n\t\t<div class=\"elementor-element elementor-element-4d5a58f e-con-full e-flex e-con e-child\" data-id=\"4d5a58f\" data-element_type=\"container\" data-e-type=\"container\">\n\t\t\t\t<div class=\"elementor-element elementor-element-72aca7b elementor-widget elementor-widget-text-editor\" data-id=\"72aca7b\" data-element_type=\"widget\" data-e-type=\"widget\" data-widget_type=\"text-editor.default\">\n\t\t\t\t<div class=\"elementor-widget-container\">\n\t\t\t\t\t\t\t\t\t<p>The \u201cTarot of Women Artists\u201d project is based on two observations:<\/p><ul><li>There are many tarot decks that use artists or works of art to depict the Arcana, but they don\u2019t always adhere strictly to art historical principles (such as trying to align the artist\u2019s intent with the card\u2019s archetype)<\/li><li>How many female artists can we name? About ten? It\u2019s as if there had hardly ever been any throughout history.<\/li><\/ul><p><br \/>This project is, above all, a major research effort aimed at bringing women\u2014their works, their incredible lives, and sometimes their struggles\u2014to the forefront.<\/p>\t\t\t\t\t\t\t\t<\/div>\n\t\t\t\t<\/div>\n\t\t\t\t<\/div>\n\t\t\t\t\t<\/div>\n\t\t\t\t<\/div>\n\t\t<div class=\"elementor-element elementor-element-9b3829c e-flex e-con-boxed e-con e-parent\" data-id=\"9b3829c\" data-element_type=\"container\" data-e-type=\"container\">\n\t\t\t\t\t<div class=\"e-con-inner\">\n\t\t\t\t<div class=\"elementor-element elementor-element-3ede75a elementor-align-center elementor-widget elementor-widget-button\" data-id=\"3ede75a\" data-element_type=\"widget\" data-e-type=\"widget\" data-widget_type=\"button.default\">\n\t\t\t\t<div class=\"elementor-widget-container\">\n\t\t\t\t\t\t\t\t\t<div class=\"elementor-button-wrapper\">\n\t\t\t\t\t<a class=\"elementor-button elementor-button-link elementor-size-sm\" href=\"https:\/\/www.instagram.com\/p\/DIeUjoCivL5\/?img_index=1\" target=\"_blank\">\n\t\t\t\t\t\t<span class=\"elementor-button-content-wrapper\">\n\t\t\t\t\t\t\t\t\t<span class=\"elementor-button-text\">Learn more<\/span>\n\t\t\t\t\t<\/span>\n\t\t\t\t\t<\/a>\n\t\t\t\t<\/div>\n\t\t\t\t\t\t\t\t<\/div>\n\t\t\t\t<\/div>\n\t\t\t\t\t<\/div>\n\t\t\t\t<\/div>\n\t\t<div class=\"elementor-element elementor-element-8331c9d e-flex e-con-boxed e-con e-parent\" data-id=\"8331c9d\" data-element_type=\"container\" data-e-type=\"container\">\n\t\t\t\t\t<div class=\"e-con-inner\">\n\t\t\t\t<div class=\"elementor-element elementor-element-2349ca2 elementor-widget elementor-widget-accordion\" data-id=\"2349ca2\" data-element_type=\"widget\" data-e-type=\"widget\" data-widget_type=\"accordion.default\">\n\t\t\t\t<div class=\"elementor-widget-container\">\n\t\t\t\t\t\t\t<div class=\"elementor-accordion\">\n\t\t\t\t\t\t\t<div class=\"elementor-accordion-item\">\n\t\t\t\t\t<div id=\"elementor-tab-title-3701\" class=\"elementor-tab-title\" data-tab=\"1\" role=\"button\" aria-controls=\"elementor-tab-content-3701\" aria-expanded=\"false\">\n\t\t\t\t\t\t\t\t\t\t\t\t\t<span class=\"elementor-accordion-icon elementor-accordion-icon-left\" aria-hidden=\"true\">\n\t\t\t\t\t\t\t\t\t\t\t\t\t\t\t<span class=\"elementor-accordion-icon-closed\"><svg class=\"e-font-icon-svg e-fas-plus\" viewbox=\"0 0 448 512\" xmlns=\"http:\/\/www.w3.org\/2000\/svg\"><path d=\"M416 208H272V64c0-17.67-14.33-32-32-32h-32c-17.67 0-32 14.33-32 32v144H32c-17.67 0-32 14.33-32 32v32c0 17.67 14.33 32 32 32h144v144c0 17.67 14.33 32 32 32h32c17.67 0 32-14.33 32-32V304h144c17.67 0 32-14.33 32-32v-32c0-17.67-14.33-32-32-32z\"><\/path><\/svg><\/span>\n\t\t\t\t\t\t\t\t<span class=\"elementor-accordion-icon-opened\"><svg class=\"e-font-icon-svg e-fas-minus\" viewbox=\"0 0 448 512\" xmlns=\"http:\/\/www.w3.org\/2000\/svg\"><path d=\"M416 208H32c-17.67 0-32 14.33-32 32v32c0 17.67 14.33 32 32 32h384c17.67 0 32-14.33 32-32v-32c0-17.67-14.33-32-32-32z\"><\/path><\/svg><\/span>\n\t\t\t\t\t\t\t\t\t\t\t\t\t\t<\/span>\n\t\t\t\t\t\t\t\t\t\t\t\t<a class=\"elementor-accordion-title\" tabindex=\"0\">Description<\/a>\n\t\t\t\t\t<\/div>\n\t\t\t\t\t<div id=\"elementor-tab-content-3701\" class=\"elementor-tab-content elementor-clearfix\" data-tab=\"1\" role=\"region\" aria-labelledby=\"elementor-tab-title-3701\"><p>This tarot deck will feature 78 female artists, representing as wide a range of diversity as possible (in terms of historical periods, countries, and backgrounds).<\/p>\n<p>Today, an initial selection was made and a prototype was printed for testing.<\/p>\n<p>The booklet is currently being written and is intended to help validate the decisions made.<\/p>\n<p>It should be noted that the perspective underlying these choices will be heavily Europe-centric and therefore subjective, despite a sincere effort to ensure diversity in representation.<\/p>\n<p>This game will also have an activist slant, aiming to tell these women\u2019s stories while also exploring tarot archetypes from a new perspective, in an effort to shed light on systemic issues.<\/p><\/div>\n\t\t\t\t<\/div>\n\t\t\t\t\t\t\t<div class=\"elementor-accordion-item\">\n\t\t\t\t\t<div id=\"elementor-tab-title-3702\" class=\"elementor-tab-title\" data-tab=\"2\" role=\"button\" aria-controls=\"elementor-tab-content-3702\" aria-expanded=\"false\">\n\t\t\t\t\t\t\t\t\t\t\t\t\t<span class=\"elementor-accordion-icon elementor-accordion-icon-left\" aria-hidden=\"true\">\n\t\t\t\t\t\t\t\t\t\t\t\t\t\t\t<span class=\"elementor-accordion-icon-closed\"><svg class=\"e-font-icon-svg e-fas-plus\" viewbox=\"0 0 448 512\" xmlns=\"http:\/\/www.w3.org\/2000\/svg\"><path d=\"M416 208H272V64c0-17.67-14.33-32-32-32h-32c-17.67 0-32 14.33-32 32v144H32c-17.67 0-32 14.33-32 32v32c0 17.67 14.33 32 32 32h144v144c0 17.67 14.33 32 32 32h32c17.67 0 32-14.33 32-32V304h144c17.67 0 32-14.33 32-32v-32c0-17.67-14.33-32-32-32z\"><\/path><\/svg><\/span>\n\t\t\t\t\t\t\t\t<span class=\"elementor-accordion-icon-opened\"><svg class=\"e-font-icon-svg e-fas-minus\" viewbox=\"0 0 448 512\" xmlns=\"http:\/\/www.w3.org\/2000\/svg\"><path d=\"M416 208H32c-17.67 0-32 14.33-32 32v32c0 17.67 14.33 32 32 32h384c17.67 0 32-14.33 32-32v-32c0-17.67-14.33-32-32-32z\"><\/path><\/svg><\/span>\n\t\t\t\t\t\t\t\t\t\t\t\t\t\t<\/span>\n\t\t\t\t\t\t\t\t\t\t\t\t<a class=\"elementor-accordion-title\" tabindex=\"0\">Features<\/a>\n\t\t\t\t\t<\/div>\n\t\t\t\t\t<div id=\"elementor-tab-content-3702\" class=\"elementor-tab-content elementor-clearfix\" data-tab=\"2\" role=\"region\" aria-labelledby=\"elementor-tab-title-3702\"><p>For obvious reasons related to copyright and reproduction, this tarot deck may not be published, distributed, or sold.<\/p><p>The booklet will be available for purchase along with a free printable PDF version of the game.<\/p><p>Some of the works were cropped to fit the Tarot format (60mm x 120mm)<\/p><\/div>\n\t\t\t\t<\/div>\n\t\t\t\t\t\t\t\t<\/div>\n\t\t\t\t\t\t<\/div>\n\t\t\t\t<\/div>\n\t\t\t\t\t<\/div>\n\t\t\t\t<\/div>\n\t\t<div class=\"elementor-element elementor-element-15d6945 e-flex e-con-boxed e-con e-parent\" data-id=\"15d6945\" data-element_type=\"container\" data-e-type=\"container\">\n\t\t\t\t\t<div class=\"e-con-inner\">\n\t\t\t\t<div class=\"elementor-element elementor-element-fbe8bf9 elementor-align-center elementor-widget elementor-widget-button\" data-id=\"fbe8bf9\" data-element_type=\"widget\" data-e-type=\"widget\" data-widget_type=\"button.default\">\n\t\t\t\t<div class=\"elementor-widget-container\">\n\t\t\t\t\t\t\t\t\t<div class=\"elementor-button-wrapper\">\n\t\t\t\t\t<a class=\"elementor-button elementor-button-link elementor-size-sm\" href=\"https:\/\/clearthedeck.fr\/en\/the-fool-birthday-de-dorothea-tanning\/\" target=\"_blank\">\n\t\t\t\t\t\t<span class=\"elementor-button-content-wrapper\">\n\t\t\t\t\t\t\t\t\t<span class=\"elementor-button-text\">Preview<\/span>\n\t\t\t\t\t<\/span>\n\t\t\t\t\t<\/a>\n\t\t\t\t<\/div>\n\t\t\t\t\t\t\t\t<\/div>\n\t\t\t\t<\/div>\n\t\t\t\t\t<\/div>\n\t\t\t\t<\/div>\n\t\t<div class=\"elementor-element elementor-element-7b61161 e-flex e-con-boxed e-con e-parent\" data-id=\"7b61161\" data-element_type=\"container\" data-e-type=\"container\">\n\t\t\t\t\t<div class=\"e-con-inner\">\n\t\t\t\t<div class=\"elementor-element elementor-element-c7d11ed elementor-widget elementor-widget-text-editor\" data-id=\"c7d11ed\" data-element_type=\"widget\" data-e-type=\"widget\" data-widget_type=\"text-editor.default\">\n\t\t\t\t<div class=\"elementor-widget-container\">\n\t\t\t\t\t\t\t\t\t<p style=\"text-align: center;\">To be continued \u2026<\/p>\t\t\t\t\t\t\t\t<\/div>\n\t\t\t\t<\/div>\n\t\t\t\t\t<\/div>\n\t\t\t\t<\/div>\n\t\t\t\t<\/div>","protected":false},"excerpt":{"rendered":"<p>Ce projet est en cours (WIP &#8211; Work In Progress) Con\u00e7u \u00e0 partir d&rsquo;\u0153uvres existantes, ce Tarot de type Smith Rider Waite a pour but de donner de la visibilit\u00e9 \u00e0 de nombreuses femmes artistes plus ou moins c\u00e9l\u00e8bres, parfois tomb\u00e9es dans l&rsquo;oubli ou \u00e0 peine red\u00e9couvertes r\u00e9cemment. Leurs histoires viennent illustrer les arcanes et [&hellip;]<\/p>\n","protected":false},"author":1,"featured_media":0,"parent":329,"menu_order":0,"comment_status":"closed","ping_status":"closed","template":"","meta":{"footnotes":""},"class_list":["post-262","page","type-page","status-publish","hentry"],"yoast_head":"<!-- This site is optimized with the Yoast SEO plugin v27.4 - https:\/\/yoast.com\/product\/yoast-seo-wordpress\/ -->\n<title>Tarot des Femmes Artistes (WIP) - Clear the Deck<\/title>\n<meta name=\"description\" content=\"Clear the Deck Lenormand est un jeu introspectif inspir\u00e9 du Petit Lenormand. Il a \u00e9t\u00e9 con\u00e7u dans l\u2019univers ludique de la piraterie !\" \/>\n<meta name=\"robots\" content=\"index, follow, max-snippet:-1, max-image-preview:large, max-video-preview:-1\" \/>\n<link rel=\"canonical\" href=\"https:\/\/clearthedeck.fr\/en\/projets\/tarot-des-femmes-artistes-wip\/\" \/>\n<meta property=\"og:locale\" content=\"en_US\" \/>\n<meta property=\"og:type\" content=\"article\" \/>\n<meta property=\"og:title\" content=\"Tarot des Femmes Artistes (WIP) - Clear the Deck\" \/>\n<meta property=\"og:description\" content=\"Clear the Deck Lenormand est un jeu introspectif inspir\u00e9 du Petit Lenormand. Il a \u00e9t\u00e9 con\u00e7u dans l\u2019univers ludique de la piraterie !\" \/>\n<meta property=\"og:url\" content=\"https:\/\/clearthedeck.fr\/en\/projets\/tarot-des-femmes-artistes-wip\/\" \/>\n<meta property=\"og:site_name\" content=\"Clear the Deck\" \/>\n<meta property=\"article:modified_time\" content=\"2025-12-24T11:45:11+00:00\" \/>\n<meta property=\"og:image\" content=\"https:\/\/clearthedeck.fr\/wp-content\/uploads\/2025\/08\/Femart_major.webp\" \/>\n\t<meta property=\"og:image:width\" content=\"1591\" \/>\n\t<meta property=\"og:image:height\" content=\"936\" \/>\n\t<meta property=\"og:image:type\" content=\"image\/webp\" \/>\n<meta name=\"twitter:card\" content=\"summary_large_image\" \/>\n<meta name=\"twitter:label1\" content=\"Est. reading time\" \/>\n\t<meta name=\"twitter:data1\" content=\"2 minutes\" \/>\n<script type=\"application\/ld+json\" class=\"yoast-schema-graph\">{\"@context\":\"https:\\\/\\\/schema.org\",\"@graph\":[{\"@type\":\"WebPage\",\"@id\":\"https:\\\/\\\/clearthedeck.fr\\\/projets\\\/tarot-des-femmes-artistes-wip\\\/\",\"url\":\"https:\\\/\\\/clearthedeck.fr\\\/projets\\\/tarot-des-femmes-artistes-wip\\\/\",\"name\":\"Tarot des Femmes Artistes (WIP) - Clear the Deck\",\"isPartOf\":{\"@id\":\"https:\\\/\\\/clearthedeck.fr\\\/#website\"},\"primaryImageOfPage\":{\"@id\":\"https:\\\/\\\/clearthedeck.fr\\\/projets\\\/tarot-des-femmes-artistes-wip\\\/#primaryimage\"},\"image\":{\"@id\":\"https:\\\/\\\/clearthedeck.fr\\\/projets\\\/tarot-des-femmes-artistes-wip\\\/#primaryimage\"},\"thumbnailUrl\":\"https:\\\/\\\/clearthedeck.fr\\\/wp-content\\\/uploads\\\/2025\\\/08\\\/Femart_major-1024x602.webp\",\"datePublished\":\"2025-07-06T20:53:06+00:00\",\"dateModified\":\"2025-12-24T11:45:11+00:00\",\"description\":\"Clear the Deck Lenormand est un jeu introspectif inspir\u00e9 du Petit Lenormand. Il a \u00e9t\u00e9 con\u00e7u dans l\u2019univers ludique de la piraterie !\",\"breadcrumb\":{\"@id\":\"https:\\\/\\\/clearthedeck.fr\\\/projets\\\/tarot-des-femmes-artistes-wip\\\/#breadcrumb\"},\"inLanguage\":\"en-US\",\"potentialAction\":[{\"@type\":\"ReadAction\",\"target\":[\"https:\\\/\\\/clearthedeck.fr\\\/projets\\\/tarot-des-femmes-artistes-wip\\\/\"]}]},{\"@type\":\"ImageObject\",\"inLanguage\":\"en-US\",\"@id\":\"https:\\\/\\\/clearthedeck.fr\\\/projets\\\/tarot-des-femmes-artistes-wip\\\/#primaryimage\",\"url\":\"https:\\\/\\\/clearthedeck.fr\\\/wp-content\\\/uploads\\\/2025\\\/08\\\/Femart_major-1024x602.webp\",\"contentUrl\":\"https:\\\/\\\/clearthedeck.fr\\\/wp-content\\\/uploads\\\/2025\\\/08\\\/Femart_major-1024x602.webp\"},{\"@type\":\"BreadcrumbList\",\"@id\":\"https:\\\/\\\/clearthedeck.fr\\\/projets\\\/tarot-des-femmes-artistes-wip\\\/#breadcrumb\",\"itemListElement\":[{\"@type\":\"ListItem\",\"position\":1,\"name\":\"Accueil\",\"item\":\"https:\\\/\\\/clearthedeck.fr\\\/\"},{\"@type\":\"ListItem\",\"position\":2,\"name\":\"Projets\",\"item\":\"https:\\\/\\\/clearthedeck.fr\\\/projets\\\/\"},{\"@type\":\"ListItem\",\"position\":3,\"name\":\"Tarot des Femmes Artistes (WIP)\"}]},{\"@type\":\"WebSite\",\"@id\":\"https:\\\/\\\/clearthedeck.fr\\\/#website\",\"url\":\"https:\\\/\\\/clearthedeck.fr\\\/\",\"name\":\"Clear the Deck\",\"description\":\"Jeux introspectifs et narratifs\",\"publisher\":{\"@id\":\"https:\\\/\\\/clearthedeck.fr\\\/#organization\"},\"potentialAction\":[{\"@type\":\"SearchAction\",\"target\":{\"@type\":\"EntryPoint\",\"urlTemplate\":\"https:\\\/\\\/clearthedeck.fr\\\/?s={search_term_string}\"},\"query-input\":{\"@type\":\"PropertyValueSpecification\",\"valueRequired\":true,\"valueName\":\"search_term_string\"}}],\"inLanguage\":\"en-US\"},{\"@type\":\"Organization\",\"@id\":\"https:\\\/\\\/clearthedeck.fr\\\/#organization\",\"name\":\"Clear the Deck\",\"url\":\"https:\\\/\\\/clearthedeck.fr\\\/\",\"logo\":{\"@type\":\"ImageObject\",\"inLanguage\":\"en-US\",\"@id\":\"https:\\\/\\\/clearthedeck.fr\\\/#\\\/schema\\\/logo\\\/image\\\/\",\"url\":\"https:\\\/\\\/clearthedeck.fr\\\/wp-content\\\/uploads\\\/2025\\\/06\\\/logo_ctd.svg\",\"contentUrl\":\"https:\\\/\\\/clearthedeck.fr\\\/wp-content\\\/uploads\\\/2025\\\/06\\\/logo_ctd.svg\",\"width\":187,\"height\":105,\"caption\":\"Clear the Deck\"},\"image\":{\"@id\":\"https:\\\/\\\/clearthedeck.fr\\\/#\\\/schema\\\/logo\\\/image\\\/\"}}]}<\/script>\n<!-- \/ Yoast SEO plugin. -->","yoast_head_json":{"title":"Tarot des Femmes Artistes (WIP) - Clear the Deck","description":"Clear the Deck Lenormand est un jeu introspectif inspir\u00e9 du Petit Lenormand. Il a \u00e9t\u00e9 con\u00e7u dans l\u2019univers ludique de la piraterie !","robots":{"index":"index","follow":"follow","max-snippet":"max-snippet:-1","max-image-preview":"max-image-preview:large","max-video-preview":"max-video-preview:-1"},"canonical":"https:\/\/clearthedeck.fr\/en\/projets\/tarot-des-femmes-artistes-wip\/","og_locale":"en_US","og_type":"article","og_title":"Tarot des Femmes Artistes (WIP) - Clear the Deck","og_description":"Clear the Deck Lenormand est un jeu introspectif inspir\u00e9 du Petit Lenormand. Il a \u00e9t\u00e9 con\u00e7u dans l\u2019univers ludique de la piraterie !","og_url":"https:\/\/clearthedeck.fr\/en\/projets\/tarot-des-femmes-artistes-wip\/","og_site_name":"Clear the Deck","article_modified_time":"2025-12-24T11:45:11+00:00","og_image":[{"width":1591,"height":936,"url":"https:\/\/clearthedeck.fr\/wp-content\/uploads\/2025\/08\/Femart_major.webp","type":"image\/webp"}],"twitter_card":"summary_large_image","twitter_misc":{"Est. reading time":"2 minutes"},"schema":{"@context":"https:\/\/schema.org","@graph":[{"@type":"WebPage","@id":"https:\/\/clearthedeck.fr\/projets\/tarot-des-femmes-artistes-wip\/","url":"https:\/\/clearthedeck.fr\/projets\/tarot-des-femmes-artistes-wip\/","name":"Tarot des Femmes Artistes (WIP) - Clear the Deck","isPartOf":{"@id":"https:\/\/clearthedeck.fr\/#website"},"primaryImageOfPage":{"@id":"https:\/\/clearthedeck.fr\/projets\/tarot-des-femmes-artistes-wip\/#primaryimage"},"image":{"@id":"https:\/\/clearthedeck.fr\/projets\/tarot-des-femmes-artistes-wip\/#primaryimage"},"thumbnailUrl":"https:\/\/clearthedeck.fr\/wp-content\/uploads\/2025\/08\/Femart_major-1024x602.webp","datePublished":"2025-07-06T20:53:06+00:00","dateModified":"2025-12-24T11:45:11+00:00","description":"Clear the Deck Lenormand est un jeu introspectif inspir\u00e9 du Petit Lenormand. Il a \u00e9t\u00e9 con\u00e7u dans l\u2019univers ludique de la piraterie !","breadcrumb":{"@id":"https:\/\/clearthedeck.fr\/projets\/tarot-des-femmes-artistes-wip\/#breadcrumb"},"inLanguage":"en-US","potentialAction":[{"@type":"ReadAction","target":["https:\/\/clearthedeck.fr\/projets\/tarot-des-femmes-artistes-wip\/"]}]},{"@type":"ImageObject","inLanguage":"en-US","@id":"https:\/\/clearthedeck.fr\/projets\/tarot-des-femmes-artistes-wip\/#primaryimage","url":"https:\/\/clearthedeck.fr\/wp-content\/uploads\/2025\/08\/Femart_major-1024x602.webp","contentUrl":"https:\/\/clearthedeck.fr\/wp-content\/uploads\/2025\/08\/Femart_major-1024x602.webp"},{"@type":"BreadcrumbList","@id":"https:\/\/clearthedeck.fr\/projets\/tarot-des-femmes-artistes-wip\/#breadcrumb","itemListElement":[{"@type":"ListItem","position":1,"name":"Accueil","item":"https:\/\/clearthedeck.fr\/"},{"@type":"ListItem","position":2,"name":"Projets","item":"https:\/\/clearthedeck.fr\/projets\/"},{"@type":"ListItem","position":3,"name":"Tarot des Femmes Artistes (WIP)"}]},{"@type":"WebSite","@id":"https:\/\/clearthedeck.fr\/#website","url":"https:\/\/clearthedeck.fr\/","name":"Clear the Deck","description":"Jeux introspectifs et narratifs","publisher":{"@id":"https:\/\/clearthedeck.fr\/#organization"},"potentialAction":[{"@type":"SearchAction","target":{"@type":"EntryPoint","urlTemplate":"https:\/\/clearthedeck.fr\/?s={search_term_string}"},"query-input":{"@type":"PropertyValueSpecification","valueRequired":true,"valueName":"search_term_string"}}],"inLanguage":"en-US"},{"@type":"Organization","@id":"https:\/\/clearthedeck.fr\/#organization","name":"Clear the Deck","url":"https:\/\/clearthedeck.fr\/","logo":{"@type":"ImageObject","inLanguage":"en-US","@id":"https:\/\/clearthedeck.fr\/#\/schema\/logo\/image\/","url":"https:\/\/clearthedeck.fr\/wp-content\/uploads\/2025\/06\/logo_ctd.svg","contentUrl":"https:\/\/clearthedeck.fr\/wp-content\/uploads\/2025\/06\/logo_ctd.svg","width":187,"height":105,"caption":"Clear the Deck"},"image":{"@id":"https:\/\/clearthedeck.fr\/#\/schema\/logo\/image\/"}}]}},"_links":{"self":[{"href":"https:\/\/clearthedeck.fr\/en\/wp-json\/wp\/v2\/pages\/262","targetHints":{"allow":["GET"]}}],"collection":[{"href":"https:\/\/clearthedeck.fr\/en\/wp-json\/wp\/v2\/pages"}],"about":[{"href":"https:\/\/clearthedeck.fr\/en\/wp-json\/wp\/v2\/types\/page"}],"author":[{"embeddable":true,"href":"https:\/\/clearthedeck.fr\/en\/wp-json\/wp\/v2\/users\/1"}],"replies":[{"embeddable":true,"href":"https:\/\/clearthedeck.fr\/en\/wp-json\/wp\/v2\/comments?post=262"}],"version-history":[{"count":64,"href":"https:\/\/clearthedeck.fr\/en\/wp-json\/wp\/v2\/pages\/262\/revisions"}],"predecessor-version":[{"id":917,"href":"https:\/\/clearthedeck.fr\/en\/wp-json\/wp\/v2\/pages\/262\/revisions\/917"}],"up":[{"embeddable":true,"href":"https:\/\/clearthedeck.fr\/en\/wp-json\/wp\/v2\/pages\/329"}],"wp:attachment":[{"href":"https:\/\/clearthedeck.fr\/en\/wp-json\/wp\/v2\/media?parent=262"}],"curies":[{"name":"wp","href":"https:\/\/api.w.org\/{rel}","templated":true}]}}