{"id":879,"date":"2025-08-17T13:47:11","date_gmt":"2025-08-17T11:47:11","guid":{"rendered":"https:\/\/clearthedeck.fr\/?page_id=879"},"modified":"2025-08-17T14:30:13","modified_gmt":"2025-08-17T12:30:13","slug":"oracle-des-luttes-feministes-wip","status":"publish","type":"page","link":"https:\/\/clearthedeck.fr\/en\/projets\/oracle-des-luttes-feministes-wip\/","title":{"rendered":"Oracle of Feminist Fights (WIP)"},"content":{"rendered":"<div data-elementor-type=\"wp-post\" data-elementor-id=\"879\" class=\"elementor elementor-879\">\n\t\t\t\t<div class=\"elementor-element elementor-element-c7d166c e-flex e-con-boxed e-con e-parent\" data-id=\"c7d166c\" data-element_type=\"container\" data-e-type=\"container\">\n\t\t\t\t\t<div class=\"e-con-inner\">\n\t\t\t\t<div class=\"elementor-element elementor-element-5021584 elementor-widget elementor-widget-hfe-breadcrumbs-widget\" data-id=\"5021584\" data-element_type=\"widget\" data-e-type=\"widget\" data-widget_type=\"hfe-breadcrumbs-widget.default\">\n\t\t\t\t<div class=\"elementor-widget-container\">\n\t\t\t\t\t<nav aria-label=\"Breadcrumb\"><ul class=\"hfe-breadcrumbs\"><\/ul><\/nav>\t\t\t\t<\/div>\n\t\t\t\t<\/div>\n\t\t\t\t\t<\/div>\n\t\t\t\t<\/div>\n\t\t<div class=\"elementor-element elementor-element-2528656 e-flex e-con-boxed e-con e-parent\" data-id=\"2528656\" data-element_type=\"container\" data-e-type=\"container\">\n\t\t\t\t\t<div class=\"e-con-inner\">\n\t\t<div class=\"elementor-element elementor-element-554c3fc e-con-full e-flex e-con e-child\" data-id=\"554c3fc\" data-element_type=\"container\" data-e-type=\"container\">\n\t\t\t\t<div class=\"elementor-element elementor-element-c0a8a51 elementor-widget__width-initial elementor-widget elementor-widget-text-editor\" data-id=\"c0a8a51\" data-element_type=\"widget\" data-e-type=\"widget\" data-widget_type=\"text-editor.default\">\n\t\t\t\t<div class=\"elementor-widget-container\">\n\t\t\t\t\t\t\t\t\t<p><em><span style=\"color: #ffcc00;\"><strong>This project is currently underway<br \/><\/strong><\/span><\/em><em><span style=\"color: #ffcc00;\"><strong> (WIP &#8211; Work In Progress)<\/strong><\/span><\/em><\/p><p>Inspired by symbols of social struggles, this Oracle draws on the history of the feminist movements and the people who spearheaded them, serving as a tool for empowerment in everyday life.<\/p><p>Each symbol is associated with a word that is explored in both individual and collective contexts in the booklet produced in collaboration with <a href=\"https:\/\/atropia-tarot.fr\/\" target=\"_blank\" rel=\"noopener\">@atropia<\/a> (Alic\u00e9) from Radio Tarot.<\/p><p>This oracle is a fun and thought-provoking little item that you can carry with you everywhere in your bag to guide you through your day, serve as a starting point for conversations and discussions, and help you find the right words when you\u2019re feeling low on energy.<\/p><p style=\"padding-left: 40px;\">Example:<\/p><p style=\"padding-left: 80px;\"><em>\u00a0\u201cYes, but not all men\u2026\u201d\u00a0<\/em><br \/><em>\u00a0\u201cWait, don't move\u2014I'll draw you a card!\u201d\u00a0<\/em><\/p>\t\t\t\t\t\t\t\t<\/div>\n\t\t\t\t<\/div>\n\t\t\t\t<\/div>\n\t\t<div class=\"elementor-element elementor-element-2a83e2b e-con-full e-flex e-con e-child\" data-id=\"2a83e2b\" data-element_type=\"container\" data-e-type=\"container\">\n\t\t\t\t<div class=\"elementor-element elementor-element-1126c2c elementor-widget elementor-widget-image\" data-id=\"1126c2c\" data-element_type=\"widget\" data-e-type=\"widget\" data-widget_type=\"image.default\">\n\t\t\t\t<div class=\"elementor-widget-container\">\n\t\t\t\t\t\t\t\t\t\t\t\t\t\t\t<img fetchpriority=\"high\" decoding=\"async\" width=\"800\" height=\"800\" src=\"https:\/\/clearthedeck.fr\/wp-content\/uploads\/2025\/06\/20230408-7-1024x1024.webp\" class=\"attachment-large size-large wp-image-198\" alt=\"Oracle des Luttes f\u00e9ministes\" srcset=\"https:\/\/clearthedeck.fr\/wp-content\/uploads\/2025\/06\/20230408-7-1024x1024.webp 1024w, https:\/\/clearthedeck.fr\/wp-content\/uploads\/2025\/06\/20230408-7-300x300.webp 300w, https:\/\/clearthedeck.fr\/wp-content\/uploads\/2025\/06\/20230408-7-150x150.webp 150w, https:\/\/clearthedeck.fr\/wp-content\/uploads\/2025\/06\/20230408-7-768x768.webp 768w, https:\/\/clearthedeck.fr\/wp-content\/uploads\/2025\/06\/20230408-7.webp 1200w\" sizes=\"(max-width: 800px) 100vw, 800px\" \/>\t\t\t\t\t\t\t\t\t\t\t\t\t\t\t<\/div>\n\t\t\t\t<\/div>\n\t\t\t\t<\/div>\n\t\t\t\t\t<\/div>\n\t\t\t\t<\/div>\n\t\t<div class=\"elementor-element elementor-element-0951537 e-flex e-con-boxed e-con e-parent\" data-id=\"0951537\" data-element_type=\"container\" data-e-type=\"container\">\n\t\t\t\t\t<div class=\"e-con-inner\">\n\t\t<div class=\"elementor-element elementor-element-3d8092d e-con-full e-flex e-con e-child\" data-id=\"3d8092d\" data-element_type=\"container\" data-e-type=\"container\">\n\t\t\t\t<div class=\"elementor-element elementor-element-dd279ae elementor-widget elementor-widget-image\" data-id=\"dd279ae\" data-element_type=\"widget\" data-e-type=\"widget\" data-widget_type=\"image.default\">\n\t\t\t\t<div class=\"elementor-widget-container\">\n\t\t\t\t\t\t\t\t\t\t\t\t\t\t\t<img decoding=\"async\" width=\"700\" height=\"732\" src=\"https:\/\/clearthedeck.fr\/wp-content\/uploads\/2025\/08\/Oracle_Luttes_Feministes.webp\" class=\"attachment-large size-large wp-image-880\" alt=\"Oracle Luttes Feministes\" srcset=\"https:\/\/clearthedeck.fr\/wp-content\/uploads\/2025\/08\/Oracle_Luttes_Feministes.webp 700w, https:\/\/clearthedeck.fr\/wp-content\/uploads\/2025\/08\/Oracle_Luttes_Feministes-287x300.webp 287w\" sizes=\"(max-width: 700px) 100vw, 700px\" \/>\t\t\t\t\t\t\t\t\t\t\t\t\t\t\t<\/div>\n\t\t\t\t<\/div>\n\t\t\t\t<\/div>\n\t\t<div class=\"elementor-element elementor-element-4d5a58f e-con-full e-flex e-con e-child\" data-id=\"4d5a58f\" data-element_type=\"container\" data-e-type=\"container\">\n\t\t\t\t<div class=\"elementor-element elementor-element-5573854 elementor-widget elementor-widget-text-editor\" data-id=\"5573854\" data-element_type=\"widget\" data-e-type=\"widget\" data-widget_type=\"text-editor.default\">\n\t\t\t\t<div class=\"elementor-widget-container\">\n\t\t\t\t\t\t\t\t\t<p>In mid-March 2024, confined to bed due to a broken ankle, I spent two weeks frantically drawing on scraps of paper that had been used to prepare for the workshop. <em>Mystery at the Court of the Tarot <\/em>\u00a0\u201cfor <a href=\"https:\/\/www.instagram.com\/alternativedeckmakers\/\" target=\"_blank\" rel=\"noopener\">@alternativedeckmakers<\/a> \u2026<\/p>\t\t\t\t\t\t\t\t<\/div>\n\t\t\t\t<\/div>\n\t\t\t\t<div class=\"elementor-element elementor-element-e5086b4 elementor-align-center elementor-widget elementor-widget-button\" data-id=\"e5086b4\" data-element_type=\"widget\" data-e-type=\"widget\" data-widget_type=\"button.default\">\n\t\t\t\t<div class=\"elementor-widget-container\">\n\t\t\t\t\t\t\t\t\t<div class=\"elementor-button-wrapper\">\n\t\t\t\t\t<a class=\"elementor-button elementor-button-link elementor-size-sm\" href=\"https:\/\/www.instagram.com\/p\/C5-uQAYiuxy\/\" target=\"_blank\">\n\t\t\t\t\t\t<span class=\"elementor-button-content-wrapper\">\n\t\t\t\t\t\t\t\t\t<span class=\"elementor-button-text\">View the WIP<\/span>\n\t\t\t\t\t<\/span>\n\t\t\t\t\t<\/a>\n\t\t\t\t<\/div>\n\t\t\t\t\t\t\t\t<\/div>\n\t\t\t\t<\/div>\n\t\t\t\t<div class=\"elementor-element elementor-element-72aca7b elementor-widget elementor-widget-text-editor\" data-id=\"72aca7b\" data-element_type=\"widget\" data-e-type=\"widget\" data-widget_type=\"text-editor.default\">\n\t\t\t\t<div class=\"elementor-widget-container\">\n\t\t\t\t\t\t\t\t\t<p>It was during this dynamic period that the first posters began to appear. These designs reflect the various movements and events of the feminist struggle.<\/p><p>As I seek to confirm my understanding and explore the significance of each symbol, the decision to collaborate with <a href=\"https:\/\/atropia-tarot.fr\/\" target=\"_blank\" rel=\"noopener\">@Atropia<\/a> seems obvious to me. During our discussions, one thing becomes clear:<\/p><blockquote><p><em>Whatever one may think, the individual is not inherently free.<\/em><br \/><em>He earns his rights through struggle\u2014his own and that of his predecessors.<\/em><\/p><\/blockquote><p>Her experience with social movements and struggles, her activist perspective, and her ability to balance my views\u2014making them richer and more objective\u2014make Alic\u00e9 an invaluable partner to support me in this project.<\/p><p style=\"text-align: center;\"><strong> \ud83e\udd73 She said YES! \ud83e\udd73<\/strong><\/p>\t\t\t\t\t\t\t\t<\/div>\n\t\t\t\t<\/div>\n\t\t\t\t<\/div>\n\t\t\t\t\t<\/div>\n\t\t\t\t<\/div>\n\t\t<div class=\"elementor-element elementor-element-8331c9d e-flex e-con-boxed e-con e-parent\" data-id=\"8331c9d\" data-element_type=\"container\" data-e-type=\"container\">\n\t\t\t\t\t<div class=\"e-con-inner\">\n\t\t\t\t<div class=\"elementor-element elementor-element-2349ca2 elementor-widget elementor-widget-accordion\" data-id=\"2349ca2\" data-element_type=\"widget\" data-e-type=\"widget\" data-widget_type=\"accordion.default\">\n\t\t\t\t<div class=\"elementor-widget-container\">\n\t\t\t\t\t\t\t<div class=\"elementor-accordion\">\n\t\t\t\t\t\t\t<div class=\"elementor-accordion-item\">\n\t\t\t\t\t<div id=\"elementor-tab-title-3701\" class=\"elementor-tab-title\" data-tab=\"1\" role=\"button\" aria-controls=\"elementor-tab-content-3701\" aria-expanded=\"false\">\n\t\t\t\t\t\t\t\t\t\t\t\t\t<span class=\"elementor-accordion-icon elementor-accordion-icon-left\" aria-hidden=\"true\">\n\t\t\t\t\t\t\t\t\t\t\t\t\t\t\t<span class=\"elementor-accordion-icon-closed\"><svg class=\"e-font-icon-svg e-fas-plus\" viewbox=\"0 0 448 512\" xmlns=\"http:\/\/www.w3.org\/2000\/svg\"><path d=\"M416 208H272V64c0-17.67-14.33-32-32-32h-32c-17.67 0-32 14.33-32 32v144H32c-17.67 0-32 14.33-32 32v32c0 17.67 14.33 32 32 32h144v144c0 17.67 14.33 32 32 32h32c17.67 0 32-14.33 32-32V304h144c17.67 0 32-14.33 32-32v-32c0-17.67-14.33-32-32-32z\"><\/path><\/svg><\/span>\n\t\t\t\t\t\t\t\t<span class=\"elementor-accordion-icon-opened\"><svg class=\"e-font-icon-svg e-fas-minus\" viewbox=\"0 0 448 512\" xmlns=\"http:\/\/www.w3.org\/2000\/svg\"><path d=\"M416 208H32c-17.67 0-32 14.33-32 32v32c0 17.67 14.33 32 32 32h384c17.67 0 32-14.33 32-32v-32c0-17.67-14.33-32-32-32z\"><\/path><\/svg><\/span>\n\t\t\t\t\t\t\t\t\t\t\t\t\t\t<\/span>\n\t\t\t\t\t\t\t\t\t\t\t\t<a class=\"elementor-accordion-title\" tabindex=\"0\">Description<\/a>\n\t\t\t\t\t<\/div>\n\t\t\t\t\t<div id=\"elementor-tab-content-3701\" class=\"elementor-tab-content elementor-clearfix\" data-tab=\"1\" role=\"region\" aria-labelledby=\"elementor-tab-title-3701\"><p>This deck will contain between thirty and forty cards. Each card represents a concept.<\/p><p>Each concept prompts reflection on how we interact with it: perception, use, values\u2026 and transmission.<\/p><p>Once we have examined all the possibilities within our private and personal sphere, we realize that not everything is determined SOLELY by that aspect: society\u2014the system in which we live\u2014does not always allow us to align with our vision of the concept.<\/p><p>This oracle challenges our perspective on the environment in which we live and the way that environment influences our decision-making and our lives.<\/p><p>It then highlights the struggles that enable us to examine, challenge, and deconstruct these systems and find new ways of living together.<\/p><p>This oracle is intended to serve as a resource hub for discovering and drawing inspiration from activists, collectives, and prominent figures in feminist movements.<\/p><\/div>\n\t\t\t\t<\/div>\n\t\t\t\t\t\t\t<div class=\"elementor-accordion-item\">\n\t\t\t\t\t<div id=\"elementor-tab-title-3702\" class=\"elementor-tab-title\" data-tab=\"2\" role=\"button\" aria-controls=\"elementor-tab-content-3702\" aria-expanded=\"false\">\n\t\t\t\t\t\t\t\t\t\t\t\t\t<span class=\"elementor-accordion-icon elementor-accordion-icon-left\" aria-hidden=\"true\">\n\t\t\t\t\t\t\t\t\t\t\t\t\t\t\t<span class=\"elementor-accordion-icon-closed\"><svg class=\"e-font-icon-svg e-fas-plus\" viewbox=\"0 0 448 512\" xmlns=\"http:\/\/www.w3.org\/2000\/svg\"><path d=\"M416 208H272V64c0-17.67-14.33-32-32-32h-32c-17.67 0-32 14.33-32 32v144H32c-17.67 0-32 14.33-32 32v32c0 17.67 14.33 32 32 32h144v144c0 17.67 14.33 32 32 32h32c17.67 0 32-14.33 32-32V304h144c17.67 0 32-14.33 32-32v-32c0-17.67-14.33-32-32-32z\"><\/path><\/svg><\/span>\n\t\t\t\t\t\t\t\t<span class=\"elementor-accordion-icon-opened\"><svg class=\"e-font-icon-svg e-fas-minus\" viewbox=\"0 0 448 512\" xmlns=\"http:\/\/www.w3.org\/2000\/svg\"><path d=\"M416 208H32c-17.67 0-32 14.33-32 32v32c0 17.67 14.33 32 32 32h384c17.67 0 32-14.33 32-32v-32c0-17.67-14.33-32-32-32z\"><\/path><\/svg><\/span>\n\t\t\t\t\t\t\t\t\t\t\t\t\t\t<\/span>\n\t\t\t\t\t\t\t\t\t\t\t\t<a class=\"elementor-accordion-title\" tabindex=\"0\">Features<\/a>\n\t\t\t\t\t<\/div>\n\t\t\t\t\t<div id=\"elementor-tab-content-3702\" class=\"elementor-tab-content elementor-clearfix\" data-tab=\"2\" role=\"region\" aria-labelledby=\"elementor-tab-title-3702\"><p>Small size<br \/>Rigid box<br \/>Separate booklet<\/p><\/div>\n\t\t\t\t<\/div>\n\t\t\t\t\t\t\t\t<\/div>\n\t\t\t\t\t\t<\/div>\n\t\t\t\t<\/div>\n\t\t\t\t\t<\/div>\n\t\t\t\t<\/div>\n\t\t<div class=\"elementor-element elementor-element-7b61161 e-flex e-con-boxed e-con e-parent\" data-id=\"7b61161\" data-element_type=\"container\" data-e-type=\"container\">\n\t\t\t\t\t<div class=\"e-con-inner\">\n\t\t\t\t<div class=\"elementor-element elementor-element-c7d11ed elementor-widget elementor-widget-text-editor\" data-id=\"c7d11ed\" data-element_type=\"widget\" data-e-type=\"widget\" data-widget_type=\"text-editor.default\">\n\t\t\t\t<div class=\"elementor-widget-container\">\n\t\t\t\t\t\t\t\t\t<p style=\"text-align: center;\">To be continued \u2026<\/p>\t\t\t\t\t\t\t\t<\/div>\n\t\t\t\t<\/div>\n\t\t\t\t\t<\/div>\n\t\t\t\t<\/div>\n\t\t\t\t<\/div>","protected":false},"excerpt":{"rendered":"<p>Ce projet est en cours (WIP &#8211; Work In Progress) Pens\u00e9 \u00e0 partir de symboles des luttes, cet Oracle s&rsquo;appuie sur l&rsquo;histoire des vagues f\u00e9ministes et des personnes qui en sont \u00e0 l&rsquo;origine, pour servir d&rsquo;outils d&#8217;empouvoirement au quotidien. Chaque symbole est associ\u00e9 \u00e0 un mot qui est d\u00e9clin\u00e9 dans une version individuelle et collective [&hellip;]<\/p>\n","protected":false},"author":1,"featured_media":0,"parent":329,"menu_order":0,"comment_status":"closed","ping_status":"closed","template":"","meta":{"footnotes":""},"class_list":["post-879","page","type-page","status-publish","hentry"],"yoast_head":"<!-- This site is optimized with the Yoast SEO plugin v27.4 - https:\/\/yoast.com\/product\/yoast-seo-wordpress\/ -->\n<title>Oracle des luttes f\u00e9ministes (WIP) - Clear the Deck<\/title>\n<meta name=\"description\" content=\"Clear the Deck Lenormand est un jeu introspectif inspir\u00e9 du Petit Lenormand. Il a \u00e9t\u00e9 con\u00e7u dans l\u2019univers ludique de la piraterie !\" \/>\n<meta name=\"robots\" content=\"index, follow, max-snippet:-1, max-image-preview:large, max-video-preview:-1\" \/>\n<link rel=\"canonical\" href=\"https:\/\/clearthedeck.fr\/en\/projets\/oracle-des-luttes-feministes-wip\/\" \/>\n<meta property=\"og:locale\" content=\"en_US\" \/>\n<meta property=\"og:type\" content=\"article\" \/>\n<meta property=\"og:title\" content=\"Oracle des luttes f\u00e9ministes (WIP) - Clear the Deck\" \/>\n<meta property=\"og:description\" content=\"Clear the Deck Lenormand est un jeu introspectif inspir\u00e9 du Petit Lenormand. Il a \u00e9t\u00e9 con\u00e7u dans l\u2019univers ludique de la piraterie !\" \/>\n<meta property=\"og:url\" content=\"https:\/\/clearthedeck.fr\/en\/projets\/oracle-des-luttes-feministes-wip\/\" \/>\n<meta property=\"og:site_name\" content=\"Clear the Deck\" \/>\n<meta property=\"article:modified_time\" content=\"2025-08-17T12:30:13+00:00\" \/>\n<meta property=\"og:image\" content=\"https:\/\/clearthedeck.fr\/wp-content\/uploads\/2025\/06\/20230408-7.webp\" \/>\n\t<meta property=\"og:image:width\" content=\"1200\" \/>\n\t<meta property=\"og:image:height\" content=\"1200\" \/>\n\t<meta property=\"og:image:type\" content=\"image\/webp\" \/>\n<meta name=\"twitter:card\" content=\"summary_large_image\" \/>\n<meta name=\"twitter:label1\" content=\"Est. reading time\" \/>\n\t<meta name=\"twitter:data1\" content=\"3 minutes\" \/>\n<script type=\"application\/ld+json\" class=\"yoast-schema-graph\">{\"@context\":\"https:\\\/\\\/schema.org\",\"@graph\":[{\"@type\":\"WebPage\",\"@id\":\"https:\\\/\\\/clearthedeck.fr\\\/projets\\\/oracle-des-luttes-feministes-wip\\\/\",\"url\":\"https:\\\/\\\/clearthedeck.fr\\\/projets\\\/oracle-des-luttes-feministes-wip\\\/\",\"name\":\"Oracle des luttes f\u00e9ministes (WIP) - Clear the Deck\",\"isPartOf\":{\"@id\":\"https:\\\/\\\/clearthedeck.fr\\\/#website\"},\"primaryImageOfPage\":{\"@id\":\"https:\\\/\\\/clearthedeck.fr\\\/projets\\\/oracle-des-luttes-feministes-wip\\\/#primaryimage\"},\"image\":{\"@id\":\"https:\\\/\\\/clearthedeck.fr\\\/projets\\\/oracle-des-luttes-feministes-wip\\\/#primaryimage\"},\"thumbnailUrl\":\"https:\\\/\\\/clearthedeck.fr\\\/wp-content\\\/uploads\\\/2025\\\/06\\\/20230408-7-1024x1024.webp\",\"datePublished\":\"2025-08-17T11:47:11+00:00\",\"dateModified\":\"2025-08-17T12:30:13+00:00\",\"description\":\"Clear the Deck Lenormand est un jeu introspectif inspir\u00e9 du Petit Lenormand. Il a \u00e9t\u00e9 con\u00e7u dans l\u2019univers ludique de la piraterie !\",\"breadcrumb\":{\"@id\":\"https:\\\/\\\/clearthedeck.fr\\\/projets\\\/oracle-des-luttes-feministes-wip\\\/#breadcrumb\"},\"inLanguage\":\"en-US\",\"potentialAction\":[{\"@type\":\"ReadAction\",\"target\":[\"https:\\\/\\\/clearthedeck.fr\\\/projets\\\/oracle-des-luttes-feministes-wip\\\/\"]}]},{\"@type\":\"ImageObject\",\"inLanguage\":\"en-US\",\"@id\":\"https:\\\/\\\/clearthedeck.fr\\\/projets\\\/oracle-des-luttes-feministes-wip\\\/#primaryimage\",\"url\":\"https:\\\/\\\/clearthedeck.fr\\\/wp-content\\\/uploads\\\/2025\\\/06\\\/20230408-7-1024x1024.webp\",\"contentUrl\":\"https:\\\/\\\/clearthedeck.fr\\\/wp-content\\\/uploads\\\/2025\\\/06\\\/20230408-7-1024x1024.webp\"},{\"@type\":\"BreadcrumbList\",\"@id\":\"https:\\\/\\\/clearthedeck.fr\\\/projets\\\/oracle-des-luttes-feministes-wip\\\/#breadcrumb\",\"itemListElement\":[{\"@type\":\"ListItem\",\"position\":1,\"name\":\"Accueil\",\"item\":\"https:\\\/\\\/clearthedeck.fr\\\/\"},{\"@type\":\"ListItem\",\"position\":2,\"name\":\"Projets\",\"item\":\"https:\\\/\\\/clearthedeck.fr\\\/projets\\\/\"},{\"@type\":\"ListItem\",\"position\":3,\"name\":\"Oracle des luttes f\u00e9ministes (WIP)\"}]},{\"@type\":\"WebSite\",\"@id\":\"https:\\\/\\\/clearthedeck.fr\\\/#website\",\"url\":\"https:\\\/\\\/clearthedeck.fr\\\/\",\"name\":\"Clear the Deck\",\"description\":\"Jeux introspectifs et narratifs\",\"publisher\":{\"@id\":\"https:\\\/\\\/clearthedeck.fr\\\/#organization\"},\"potentialAction\":[{\"@type\":\"SearchAction\",\"target\":{\"@type\":\"EntryPoint\",\"urlTemplate\":\"https:\\\/\\\/clearthedeck.fr\\\/?s={search_term_string}\"},\"query-input\":{\"@type\":\"PropertyValueSpecification\",\"valueRequired\":true,\"valueName\":\"search_term_string\"}}],\"inLanguage\":\"en-US\"},{\"@type\":\"Organization\",\"@id\":\"https:\\\/\\\/clearthedeck.fr\\\/#organization\",\"name\":\"Clear the Deck\",\"url\":\"https:\\\/\\\/clearthedeck.fr\\\/\",\"logo\":{\"@type\":\"ImageObject\",\"inLanguage\":\"en-US\",\"@id\":\"https:\\\/\\\/clearthedeck.fr\\\/#\\\/schema\\\/logo\\\/image\\\/\",\"url\":\"https:\\\/\\\/clearthedeck.fr\\\/wp-content\\\/uploads\\\/2025\\\/06\\\/logo_ctd.svg\",\"contentUrl\":\"https:\\\/\\\/clearthedeck.fr\\\/wp-content\\\/uploads\\\/2025\\\/06\\\/logo_ctd.svg\",\"width\":187,\"height\":105,\"caption\":\"Clear the Deck\"},\"image\":{\"@id\":\"https:\\\/\\\/clearthedeck.fr\\\/#\\\/schema\\\/logo\\\/image\\\/\"}}]}<\/script>\n<!-- \/ Yoast SEO plugin. -->","yoast_head_json":{"title":"Oracle des luttes f\u00e9ministes (WIP) - Clear the Deck","description":"Clear the Deck Lenormand est un jeu introspectif inspir\u00e9 du Petit Lenormand. Il a \u00e9t\u00e9 con\u00e7u dans l\u2019univers ludique de la piraterie !","robots":{"index":"index","follow":"follow","max-snippet":"max-snippet:-1","max-image-preview":"max-image-preview:large","max-video-preview":"max-video-preview:-1"},"canonical":"https:\/\/clearthedeck.fr\/en\/projets\/oracle-des-luttes-feministes-wip\/","og_locale":"en_US","og_type":"article","og_title":"Oracle des luttes f\u00e9ministes (WIP) - Clear the Deck","og_description":"Clear the Deck Lenormand est un jeu introspectif inspir\u00e9 du Petit Lenormand. Il a \u00e9t\u00e9 con\u00e7u dans l\u2019univers ludique de la piraterie !","og_url":"https:\/\/clearthedeck.fr\/en\/projets\/oracle-des-luttes-feministes-wip\/","og_site_name":"Clear the Deck","article_modified_time":"2025-08-17T12:30:13+00:00","og_image":[{"width":1200,"height":1200,"url":"https:\/\/clearthedeck.fr\/wp-content\/uploads\/2025\/06\/20230408-7.webp","type":"image\/webp"}],"twitter_card":"summary_large_image","twitter_misc":{"Est. reading time":"3 minutes"},"schema":{"@context":"https:\/\/schema.org","@graph":[{"@type":"WebPage","@id":"https:\/\/clearthedeck.fr\/projets\/oracle-des-luttes-feministes-wip\/","url":"https:\/\/clearthedeck.fr\/projets\/oracle-des-luttes-feministes-wip\/","name":"Oracle des luttes f\u00e9ministes (WIP) - Clear the Deck","isPartOf":{"@id":"https:\/\/clearthedeck.fr\/#website"},"primaryImageOfPage":{"@id":"https:\/\/clearthedeck.fr\/projets\/oracle-des-luttes-feministes-wip\/#primaryimage"},"image":{"@id":"https:\/\/clearthedeck.fr\/projets\/oracle-des-luttes-feministes-wip\/#primaryimage"},"thumbnailUrl":"https:\/\/clearthedeck.fr\/wp-content\/uploads\/2025\/06\/20230408-7-1024x1024.webp","datePublished":"2025-08-17T11:47:11+00:00","dateModified":"2025-08-17T12:30:13+00:00","description":"Clear the Deck Lenormand est un jeu introspectif inspir\u00e9 du Petit Lenormand. Il a \u00e9t\u00e9 con\u00e7u dans l\u2019univers ludique de la piraterie !","breadcrumb":{"@id":"https:\/\/clearthedeck.fr\/projets\/oracle-des-luttes-feministes-wip\/#breadcrumb"},"inLanguage":"en-US","potentialAction":[{"@type":"ReadAction","target":["https:\/\/clearthedeck.fr\/projets\/oracle-des-luttes-feministes-wip\/"]}]},{"@type":"ImageObject","inLanguage":"en-US","@id":"https:\/\/clearthedeck.fr\/projets\/oracle-des-luttes-feministes-wip\/#primaryimage","url":"https:\/\/clearthedeck.fr\/wp-content\/uploads\/2025\/06\/20230408-7-1024x1024.webp","contentUrl":"https:\/\/clearthedeck.fr\/wp-content\/uploads\/2025\/06\/20230408-7-1024x1024.webp"},{"@type":"BreadcrumbList","@id":"https:\/\/clearthedeck.fr\/projets\/oracle-des-luttes-feministes-wip\/#breadcrumb","itemListElement":[{"@type":"ListItem","position":1,"name":"Accueil","item":"https:\/\/clearthedeck.fr\/"},{"@type":"ListItem","position":2,"name":"Projets","item":"https:\/\/clearthedeck.fr\/projets\/"},{"@type":"ListItem","position":3,"name":"Oracle des luttes f\u00e9ministes (WIP)"}]},{"@type":"WebSite","@id":"https:\/\/clearthedeck.fr\/#website","url":"https:\/\/clearthedeck.fr\/","name":"Clear the Deck","description":"Jeux introspectifs et narratifs","publisher":{"@id":"https:\/\/clearthedeck.fr\/#organization"},"potentialAction":[{"@type":"SearchAction","target":{"@type":"EntryPoint","urlTemplate":"https:\/\/clearthedeck.fr\/?s={search_term_string}"},"query-input":{"@type":"PropertyValueSpecification","valueRequired":true,"valueName":"search_term_string"}}],"inLanguage":"en-US"},{"@type":"Organization","@id":"https:\/\/clearthedeck.fr\/#organization","name":"Clear the Deck","url":"https:\/\/clearthedeck.fr\/","logo":{"@type":"ImageObject","inLanguage":"en-US","@id":"https:\/\/clearthedeck.fr\/#\/schema\/logo\/image\/","url":"https:\/\/clearthedeck.fr\/wp-content\/uploads\/2025\/06\/logo_ctd.svg","contentUrl":"https:\/\/clearthedeck.fr\/wp-content\/uploads\/2025\/06\/logo_ctd.svg","width":187,"height":105,"caption":"Clear the Deck"},"image":{"@id":"https:\/\/clearthedeck.fr\/#\/schema\/logo\/image\/"}}]}},"_links":{"self":[{"href":"https:\/\/clearthedeck.fr\/en\/wp-json\/wp\/v2\/pages\/879","targetHints":{"allow":["GET"]}}],"collection":[{"href":"https:\/\/clearthedeck.fr\/en\/wp-json\/wp\/v2\/pages"}],"about":[{"href":"https:\/\/clearthedeck.fr\/en\/wp-json\/wp\/v2\/types\/page"}],"author":[{"embeddable":true,"href":"https:\/\/clearthedeck.fr\/en\/wp-json\/wp\/v2\/users\/1"}],"replies":[{"embeddable":true,"href":"https:\/\/clearthedeck.fr\/en\/wp-json\/wp\/v2\/comments?post=879"}],"version-history":[{"count":12,"href":"https:\/\/clearthedeck.fr\/en\/wp-json\/wp\/v2\/pages\/879\/revisions"}],"predecessor-version":[{"id":901,"href":"https:\/\/clearthedeck.fr\/en\/wp-json\/wp\/v2\/pages\/879\/revisions\/901"}],"up":[{"embeddable":true,"href":"https:\/\/clearthedeck.fr\/en\/wp-json\/wp\/v2\/pages\/329"}],"wp:attachment":[{"href":"https:\/\/clearthedeck.fr\/en\/wp-json\/wp\/v2\/media?parent=879"}],"curies":[{"name":"wp","href":"https:\/\/api.w.org\/{rel}","templated":true}]}}