{"id":927,"date":"2026-02-09T18:43:26","date_gmt":"2026-02-09T17:43:26","guid":{"rendered":"https:\/\/clearthedeck.fr\/?page_id=927"},"modified":"2026-04-14T21:38:37","modified_gmt":"2026-04-14T19:38:37","slug":"tirages","status":"publish","type":"page","link":"https:\/\/clearthedeck.fr\/en\/tirages\/","title":{"rendered":"Card readings"},"content":{"rendered":"<div data-elementor-type=\"wp-page\" data-elementor-id=\"927\" class=\"elementor elementor-927\">\n\t\t\t\t<div class=\"elementor-element elementor-element-4c82465 e-flex e-con-boxed e-con e-parent\" data-id=\"4c82465\" data-element_type=\"container\" data-e-type=\"container\">\n\t\t\t\t\t<div class=\"e-con-inner\">\n\t\t<div class=\"elementor-element elementor-element-c37ee33 e-con-full e-flex e-con e-child\" data-id=\"c37ee33\" data-element_type=\"container\" data-e-type=\"container\">\n\t\t\t\t<div class=\"elementor-element elementor-element-f2d307b elementor-widget elementor-widget-image\" data-id=\"f2d307b\" data-element_type=\"widget\" data-e-type=\"widget\" data-widget_type=\"image.default\">\n\t\t\t\t<div class=\"elementor-widget-container\">\n\t\t\t\t\t\t\t\t\t\t\t\t\t\t\t<img fetchpriority=\"high\" decoding=\"async\" width=\"768\" height=\"1024\" src=\"https:\/\/clearthedeck.fr\/wp-content\/uploads\/2026\/02\/IMG_5292-768x1024.jpeg\" class=\"attachment-medium_large size-medium_large wp-image-934\" alt=\"Tirage\" srcset=\"https:\/\/clearthedeck.fr\/wp-content\/uploads\/2026\/02\/IMG_5292-768x1024.jpeg 768w, https:\/\/clearthedeck.fr\/wp-content\/uploads\/2026\/02\/IMG_5292-225x300.jpeg 225w, https:\/\/clearthedeck.fr\/wp-content\/uploads\/2026\/02\/IMG_5292-1152x1536.jpeg 1152w, https:\/\/clearthedeck.fr\/wp-content\/uploads\/2026\/02\/IMG_5292-1536x2048.jpeg 1536w, https:\/\/clearthedeck.fr\/wp-content\/uploads\/2026\/02\/IMG_5292-scaled.jpeg 1920w\" sizes=\"(max-width: 768px) 100vw, 768px\" \/>\t\t\t\t\t\t\t\t\t\t\t\t\t\t\t<\/div>\n\t\t\t\t<\/div>\n\t\t\t\t<\/div>\n\t\t<div class=\"elementor-element elementor-element-fb1152e e-con-full e-flex e-con e-child\" data-id=\"fb1152e\" data-element_type=\"container\" data-e-type=\"container\">\n\t\t\t\t<div class=\"elementor-element elementor-element-6ed3b05 elementor-widget elementor-widget-heading\" data-id=\"6ed3b05\" data-element_type=\"widget\" data-e-type=\"widget\" data-widget_type=\"heading.default\">\n\t\t\t\t<div class=\"elementor-widget-container\">\n\t\t\t\t\t<h2 class=\"elementor-heading-title elementor-size-default\">TAROT introspectif et narratif<\/h2>\t\t\t\t<\/div>\n\t\t\t\t<\/div>\n\t\t\t\t<div class=\"elementor-element elementor-element-5c6aacf elementor-widget elementor-widget-text-editor\" data-id=\"5c6aacf\" data-element_type=\"widget\" data-e-type=\"widget\" data-widget_type=\"text-editor.default\">\n\t\t\t\t<div class=\"elementor-widget-container\">\n\t\t\t\t\t\t\t\t\t<p>Je m\u2019int\u00e9resse au tarot depuis mon adolescence mais c\u2019est \u00e0 partir de 2019 que je commenc\u00e9 \u00e0 tirer les cartes. Pour moi tout d&rsquo;abord, en faisant de l\u2019introspection en parall\u00e8le de ma th\u00e9rapie, puis pour mon entourage et celleux qui le souhaitaient.<\/p><p><strong>Depuis Juin 2025<\/strong>, je propose des tirages de cartes lors de soir\u00e9e <span style=\"color: #ffcc00;\"><strong>Queer<\/strong> <\/span>ou <span style=\"color: #ffcc00;\"><strong>FLINTA<\/strong> <\/span>(Femmes &#8211; LesBiennes &#8211; Intersexes &#8211; Trans &#8211; Agenres).<\/p><p>C\u2019est aussi l\u2019occasion de pr\u00e9senter mon approche de la divination (\u00e0 savoir, chercher ce qui est cach\u00e9).<\/p><p>J\u2019utilise les cartes de fa\u00e7on introspective et narrative. J\u2019aime qu\u2019elles servent de pr\u00e9texte pour se raconter notre histoire et nous aider \u00e0 mieux se comprendre.\u00a0<\/p><div>Tu peux venir avec une th\u00e9matique, une question, une probl\u00e9matique ou simplement te laisser guider par les cartes et leur r\u00e9cit.<\/div><div>\u00a0<\/div><div>Le tarot n\u2019est pas mon activit\u00e9 principale, mais j\u2019aime cr\u00e9er de nouveaux jeux que vous pouvez retrouver dans la page <a href=\"https:\/\/clearthedeck.fr\/en\/projets\/\">PROJETS<\/a>.<\/div>\t\t\t\t\t\t\t\t<\/div>\n\t\t\t\t<\/div>\n\t\t\t\t<\/div>\n\t\t<div class=\"elementor-element elementor-element-1bf2169 e-con-full e-flex e-con e-child\" data-id=\"1bf2169\" data-element_type=\"container\" data-e-type=\"container\">\n\t\t\t\t<div class=\"elementor-element elementor-element-1df702a elementor-widget elementor-widget-image\" data-id=\"1df702a\" data-element_type=\"widget\" data-e-type=\"widget\" data-widget_type=\"image.default\">\n\t\t\t\t<div class=\"elementor-widget-container\">\n\t\t\t\t\t\t\t\t\t\t\t\t\t\t\t<img decoding=\"async\" width=\"768\" height=\"1024\" src=\"https:\/\/clearthedeck.fr\/wp-content\/uploads\/2026\/02\/IMG_5286-768x1024.webp\" class=\"attachment-medium_large size-medium_large wp-image-947\" alt=\"Clear the Deck au bar\" srcset=\"https:\/\/clearthedeck.fr\/wp-content\/uploads\/2026\/02\/IMG_5286-768x1024.webp 768w, https:\/\/clearthedeck.fr\/wp-content\/uploads\/2026\/02\/IMG_5286-225x300.webp 225w, https:\/\/clearthedeck.fr\/wp-content\/uploads\/2026\/02\/IMG_5286-1152x1536.webp 1152w, https:\/\/clearthedeck.fr\/wp-content\/uploads\/2026\/02\/IMG_5286-scaled.webp 1440w\" sizes=\"(max-width: 768px) 100vw, 768px\" \/>\t\t\t\t\t\t\t\t\t\t\t\t\t\t\t<\/div>\n\t\t\t\t<\/div>\n\t\t\t\t<\/div>\n\t\t\t\t\t<\/div>\n\t\t\t\t<\/div>\n\t\t<div class=\"elementor-element elementor-element-0f919a5 e-flex e-con-boxed e-con e-parent\" data-id=\"0f919a5\" data-element_type=\"container\" data-e-type=\"container\">\n\t\t\t\t\t<div class=\"e-con-inner\">\n\t\t\t\t<div class=\"elementor-element elementor-element-126c7c8 elementor-widget elementor-widget-heading\" data-id=\"126c7c8\" data-element_type=\"widget\" data-e-type=\"widget\" data-widget_type=\"heading.default\">\n\t\t\t\t<div class=\"elementor-widget-container\">\n\t\t\t\t\t<h2 class=\"elementor-heading-title elementor-size-default\">Les Jeux<\/h2>\t\t\t\t<\/div>\n\t\t\t\t<\/div>\n\t\t\t\t<div class=\"elementor-element elementor-element-24fa0e0 elementor-widget elementor-widget-text-editor\" data-id=\"24fa0e0\" data-element_type=\"widget\" data-e-type=\"widget\" data-widget_type=\"text-editor.default\">\n\t\t\t\t<div class=\"elementor-widget-container\">\n\t\t\t\t\t\t\t\t\tJ\u2019utilise principalement des tarots de type Smith Rider Waite (Oui, Smith d&rsquo;abord, parce que c&rsquo;est \u00e0 Pamela que l&rsquo;on doit ces illustrations fascinantes).\n\n<br>\n\nJ\u2019aime tirer les cartes avec des jeux Queer, d\u00e9genr\u00e9s ou cr\u00e9\u00e9s par des personnes Queer pour montrer la diversit\u00e9 des repr\u00e9sentations et garder une lecture plus inclusives. Il m&rsquo;arrive r\u00e9guli\u00e8rement d&rsquo;apporter 2 \u00e0 3 jeux diff\u00e9rents pour les accorder au mieux au mood de celleux qui viennent se faire tirer les cartes.\n\n<br>\n\nIl y aura donc \u00e0 chaque fois plusieurs ambiance pour les tirages et souvent en accord avec le moment (saison, marronnier, m\u00e9t\u00e9o, festivit\u00e9s&#8230;).\n\n<br>\n\nMon <a href=\"https:\/\/clearthedeck.fr\/en\/projets\/clear-the-deck-lenormand\/\">Clear the Deck Lenormand<\/a> m\u2019accompagne aussi tr\u00e8s souvent : c&rsquo;est l&rsquo;occasion de le d\u00e9couvrir et de le voir \u00e0 l&rsquo;\u0153uvre&#8230; <a href=\"https:\/\/clearthedeck.fr\/en\/projets\/clear-the-deck-lenormand\/\">avant de l&rsquo;acheter<\/a> !\t\t\t\t\t\t\t\t<\/div>\n\t\t\t\t<\/div>\n\t\t\t\t<div class=\"elementor-element elementor-element-aa04892 elementor-widget__width-initial elementor-widget elementor-widget-text-editor\" data-id=\"aa04892\" data-element_type=\"widget\" data-e-type=\"widget\" data-widget_type=\"text-editor.default\">\n\t\t\t\t<div class=\"elementor-widget-container\">\n\t\t\t\t\t\t\t\t\t<h3 style=\"text-align: center;\"><span style=\"color: #ffcc00;\"><strong>DISCLAIMER<\/strong><\/span><\/h3><p><em>Je ne lis pas l\u2019avenir, je ne peux pas parler \u00e0 la place de personnes qui ne sont pas pr\u00e9sentent et je n\u2019aborde pas les sujets de sant\u00e9, parce que je ne suis pas soignante. Je ne peux pas r\u00e9pondre aux questions ferm\u00e9es.<\/em><\/p><p style=\"text-align: center;\"><strong>Tout tirage de cartes ne dispence pas d\u2019un RDV avec un.e th\u00e9rapeuthe.\u00a0<\/strong><\/p>\t\t\t\t\t\t\t\t<\/div>\n\t\t\t\t<\/div>\n\t\t\t\t\t<\/div>\n\t\t\t\t<\/div>\n\t\t<div class=\"elementor-element elementor-element-5fed86e e-flex e-con-boxed e-con e-parent\" data-id=\"5fed86e\" data-element_type=\"container\" data-e-type=\"container\">\n\t\t\t\t\t<div class=\"e-con-inner\">\n\t\t<div class=\"elementor-element elementor-element-4b5d182 e-con-full e-flex e-con e-child\" data-id=\"4b5d182\" data-element_type=\"container\" data-e-type=\"container\">\n\t\t\t\t<div class=\"elementor-element elementor-element-bd5078e elementor-widget elementor-widget-heading\" data-id=\"bd5078e\" data-element_type=\"widget\" data-e-type=\"widget\" data-widget_type=\"heading.default\">\n\t\t\t\t<div class=\"elementor-widget-container\">\n\t\t\t\t\t<h2 class=\"elementor-heading-title elementor-size-default\">Comment se passe un tirage ?<\/h2>\t\t\t\t<\/div>\n\t\t\t\t<\/div>\n\t\t\t\t<div class=\"elementor-element elementor-element-8a599f4 elementor-widget elementor-widget-text-editor\" data-id=\"8a599f4\" data-element_type=\"widget\" data-e-type=\"widget\" data-widget_type=\"text-editor.default\">\n\t\t\t\t<div class=\"elementor-widget-container\">\n\t\t\t\t\t\t\t\t\t<p>Je pose mon cadre et t\u2019explique en quoi consiste un tirage avec moi. Puis je te propose de choisir un jeu pour nous accompagner.<\/p><p>Une fois les cartes battues, on commence le tirage ensemble : soit on le construit ensemble \u00e0 partir de ce que tu veux me confier ; soit je l\u2019\u00e9labore au fil du tirage et c\u2019est notre conversation qui va le guider et l\u2019orienter.<\/p><p>Pendant le tirage, je vais te proposer une interpr\u00e9tation des cartes et te dire ce qu\u2019elles m\u2019\u00e9voquent.<\/p><p>Je suis l\u00e0 pour t\u2019\u00e9couter, reformuler, proposer des pistes, poser des questions pour te permettre d\u2019avancer dans ta r\u00e9flexion.<\/p><p><strong>En aucun cas, je ne donne de solutions. <\/strong><\/p><p><strong>Les r\u00e9ponses sont en toi !<\/strong><\/p>\t\t\t\t\t\t\t\t<\/div>\n\t\t\t\t<\/div>\n\t\t\t\t<\/div>\n\t\t<div class=\"elementor-element elementor-element-c1826fa e-con-full e-flex e-con e-child\" data-id=\"c1826fa\" data-element_type=\"container\" data-e-type=\"container\">\n\t\t\t\t<div class=\"elementor-element elementor-element-b447042 elementor-widget elementor-widget-text-editor\" data-id=\"b447042\" data-element_type=\"widget\" data-e-type=\"widget\" data-widget_type=\"text-editor.default\">\n\t\t\t\t<div class=\"elementor-widget-container\">\n\t\t\t\t\t\t\t\t\t<h2 style=\"text-align: left;\">Ce qui est dit lors du tirage&#8230;<\/h2><h2 style=\"text-align: right;\">&#8230; Reste entre nous. \u200b<\/h2>\t\t\t\t\t\t\t\t<\/div>\n\t\t\t\t<\/div>\n\t\t\t\t<div class=\"elementor-element elementor-element-97b8806 elementor-widget elementor-widget-text-editor\" data-id=\"97b8806\" data-element_type=\"widget\" data-e-type=\"widget\" data-widget_type=\"text-editor.default\">\n\t\t\t\t<div class=\"elementor-widget-container\">\n\t\t\t\t\t\t\t\t\t<p>Libre \u00e0 toi de me livrer ce qui t\u2019interroge ou de le garder pour toi.<\/p><p>Mon objectif est que tu te sentes en confiance pour poursuivre ton chemin.<\/p><p>Je reste disponible en MP sur Instagram apr\u00e8s notre rencontre si tu veux me partager des \u00e9volutions, une r\u00e9flexion suite au tirage ou me faire des retours sur ton exp\u00e9rience.<\/p><p>Dans tous les cas, je serai ravie de savoir comment ce moment a pu t\u2019aider.<\/p>\t\t\t\t\t\t\t\t<\/div>\n\t\t\t\t<\/div>\n\t\t\t\t<\/div>\n\t\t\t\t\t<\/div>\n\t\t\t\t<\/div>\n\t\t<div class=\"elementor-element elementor-element-d276625 e-flex e-con-boxed e-con e-parent\" data-id=\"d276625\" data-element_type=\"container\" data-e-type=\"container\">\n\t\t\t\t\t<div class=\"e-con-inner\">\n\t\t\t\t<div class=\"elementor-element elementor-element-d1cd6c1 elementor-widget elementor-widget-heading\" data-id=\"d1cd6c1\" data-element_type=\"widget\" data-e-type=\"widget\" data-widget_type=\"heading.default\">\n\t\t\t\t<div class=\"elementor-widget-container\">\n\t\t\t\t\t<h2 class=\"elementor-heading-title elementor-size-default\">Soir\u00e9e QUEER ou FLINTA <span style=\", sans-serif;font-size: 20px;text-align: center\">(Femmes - LesBiennes - Intersexes - Trans - Agenres)<\/span><br><\/h2>\t\t\t\t<\/div>\n\t\t\t\t<\/div>\n\t\t\t\t\t<\/div>\n\t\t\t\t<\/div>\n\t\t<div class=\"elementor-element elementor-element-babd72b e-flex e-con-boxed e-con e-parent\" data-id=\"babd72b\" data-element_type=\"container\" data-e-type=\"container\">\n\t\t\t\t\t<div class=\"e-con-inner\">\n\t\t<div class=\"elementor-element elementor-element-5eded4c e-con-full e-flex e-con e-child\" data-id=\"5eded4c\" data-element_type=\"container\" data-e-type=\"container\">\n\t\t\t\t<div class=\"elementor-element elementor-element-ff7a64b elementor-widget elementor-widget-image\" data-id=\"ff7a64b\" data-element_type=\"widget\" data-e-type=\"widget\" data-widget_type=\"image.default\">\n\t\t\t\t<div class=\"elementor-widget-container\">\n\t\t\t\t\t\t\t\t\t\t\t\t\t\t\t\t<a href=\"https:\/\/atropia-tarot.fr\/podcast\/radio-tarot-duo-clear-the-deck-lenorman\/\" target=\"_blank\">\n\t\t\t\t\t\t\t<img decoding=\"async\" width=\"768\" height=\"1024\" src=\"https:\/\/clearthedeck.fr\/wp-content\/uploads\/2026\/02\/IMG_5271-768x1024.webp\" class=\"attachment-medium_large size-medium_large wp-image-930\" alt=\"Cabaret des Merveilles\" srcset=\"https:\/\/clearthedeck.fr\/wp-content\/uploads\/2026\/02\/IMG_5271-768x1024.webp 768w, https:\/\/clearthedeck.fr\/wp-content\/uploads\/2026\/02\/IMG_5271-225x300.webp 225w, https:\/\/clearthedeck.fr\/wp-content\/uploads\/2026\/02\/IMG_5271-1152x1536.webp 1152w, https:\/\/clearthedeck.fr\/wp-content\/uploads\/2026\/02\/IMG_5271-scaled.webp 1440w\" sizes=\"(max-width: 768px) 100vw, 768px\" \/>\t\t\t\t\t\t\t\t<\/a>\n\t\t\t\t\t\t\t\t\t\t\t\t\t\t\t<\/div>\n\t\t\t\t<\/div>\n\t\t\t\t<\/div>\n\t\t<div class=\"elementor-element elementor-element-63e6310 e-con-full e-flex e-con e-child\" data-id=\"63e6310\" data-element_type=\"container\" data-e-type=\"container\">\n\t\t\t\t<div class=\"elementor-element elementor-element-3f1c49f elementor-widget elementor-widget-text-editor\" data-id=\"3f1c49f\" data-element_type=\"widget\" data-e-type=\"widget\" data-widget_type=\"text-editor.default\">\n\t\t\t\t<div class=\"elementor-widget-container\">\n\t\t\t\t\t\t\t\t\t<p>Je suis r\u00e9guli\u00e8rement au\u00a0<a class=\"x1i10hfl xjbqb8w x1ejq31n x18oe1m7 x1sy0etr xstzfhl x972fbf x10w94by x1qhh985 x14e42zd x9f619 x1ypdohk xt0psk2 x3ct3a4 xdj266r x14z9mp xat24cr x1lziwak xexx8yu xyri2b x18d9i69 x1c1uobl x16tdsg8 x1hl2dhg xggy1nq x1a2a7pz notranslate _a6hd\" tabindex=\"0\" role=\"link\" href=\"https:\/\/www.instagram.com\/cabaret_des_merveilles\/\">@cabaret_des_merveilles<\/a>\u00a0mais il m\u2019arrive de tirer les cartes dans d\u2019autres lieux. Je vous tiendrai au courant sur <a href=\"https:\/\/www.instagram.com\/clear_the_deck\/\">mon compte Instagram en Story<\/a> !<\/p><h4><span style=\"color: #ffcc00;\">Horaire et dur\u00e9e<\/span><\/h4><p>Les tirages commencent \u00e0 19h30 et durent 15 minutes. N\u2019h\u00e9site pas \u00e0 arriver t\u00f4t lors des \u00e9v\u00e9nements pour r\u00e9server ton cr\u00e9neau ; cette animation est tr\u00e8s vite compl\u00e8te. <br \/>Tu peux t\u2019inscrire sur la liste en arrivant au bar ou demander \u00e0 quelqu\u2019un de le faire \u00e0 ta place.<\/p><p style=\"text-align: center;\"><span style=\"color: #cc99ff;\"><strong>Merci de venir \u00e0 l\u2019heure pour ne pas d\u00e9caller tous les tirages de la soir\u00e9e.<\/strong> <\/span><\/p><h4><span style=\"color: #ffcc00;\">Prix et facilit\u00e9 de paiement<\/span><\/h4><p>Le tirage est \u00e0 prix libre \u00e0 partir de 10\u20ac. Je recommande de pr\u00e9voir de la monnaie pour le r\u00e8glement (une petite boite est pr\u00e9vue \u00e0 cet effet), mais tu peux aussi utiliser :<\/p><ul><li>Wero<\/li><li><a href=\"https:\/\/pay.lydia.me\/l?t=anouckz8xll\">Lydia<\/a><\/li><li><a href=\"https:\/\/www.paypal.com\/paypalme\/clearthedeck\">Paypal<\/a><\/li><\/ul><p>Un code WIFI est disponible au bar pour utiliser plus les applications \u00e0 l\u2019int\u00e9rieur.<\/p>\t\t\t\t\t\t\t\t<\/div>\n\t\t\t\t<\/div>\n\t\t\t\t<\/div>\n\t\t\t\t\t<\/div>\n\t\t\t\t<\/div>\n\t\t\t\t<\/div>","protected":false},"excerpt":{"rendered":"<p>Anouck ZANA, cr\u00e9atrice de jeux introspectifs et narratifs.<\/p>","protected":false},"author":1,"featured_media":0,"parent":0,"menu_order":0,"comment_status":"closed","ping_status":"closed","template":"","meta":{"footnotes":""},"class_list":["post-927","page","type-page","status-publish","hentry"],"yoast_head":"<!-- This site is optimized with the Yoast SEO plugin v27.4 - https:\/\/yoast.com\/product\/yoast-seo-wordpress\/ -->\n<title>Tirages - Clear the Deck<\/title>\n<meta name=\"robots\" content=\"index, follow, max-snippet:-1, max-image-preview:large, max-video-preview:-1\" \/>\n<link rel=\"canonical\" href=\"https:\/\/clearthedeck.fr\/en\/tirages\/\" \/>\n<meta property=\"og:locale\" content=\"en_US\" \/>\n<meta property=\"og:type\" content=\"article\" \/>\n<meta property=\"og:title\" content=\"Tirages - Clear the Deck\" \/>\n<meta property=\"og:description\" content=\"Anouck ZANA, cr\u00e9atrice de jeux introspectifs et narratifs.\" \/>\n<meta property=\"og:url\" content=\"https:\/\/clearthedeck.fr\/en\/tirages\/\" \/>\n<meta property=\"og:site_name\" content=\"Clear the Deck\" \/>\n<meta property=\"article:modified_time\" content=\"2026-04-14T19:38:37+00:00\" \/>\n<meta property=\"og:image\" content=\"https:\/\/clearthedeck.fr\/wp-content\/uploads\/2026\/02\/IMG_5292-scaled.jpeg\" \/>\n\t<meta property=\"og:image:width\" content=\"1920\" \/>\n\t<meta property=\"og:image:height\" content=\"2560\" \/>\n\t<meta property=\"og:image:type\" content=\"image\/jpeg\" \/>\n<meta name=\"twitter:card\" content=\"summary_large_image\" \/>\n<meta name=\"twitter:label1\" content=\"Est. reading time\" \/>\n\t<meta name=\"twitter:data1\" content=\"5 minutes\" \/>\n<script type=\"application\/ld+json\" class=\"yoast-schema-graph\">{\"@context\":\"https:\\\/\\\/schema.org\",\"@graph\":[{\"@type\":\"WebPage\",\"@id\":\"https:\\\/\\\/clearthedeck.fr\\\/tirages\\\/\",\"url\":\"https:\\\/\\\/clearthedeck.fr\\\/tirages\\\/\",\"name\":\"Tirages - Clear the Deck\",\"isPartOf\":{\"@id\":\"https:\\\/\\\/clearthedeck.fr\\\/#website\"},\"primaryImageOfPage\":{\"@id\":\"https:\\\/\\\/clearthedeck.fr\\\/tirages\\\/#primaryimage\"},\"image\":{\"@id\":\"https:\\\/\\\/clearthedeck.fr\\\/tirages\\\/#primaryimage\"},\"thumbnailUrl\":\"https:\\\/\\\/clearthedeck.fr\\\/wp-content\\\/uploads\\\/2026\\\/02\\\/IMG_5292-768x1024.jpeg\",\"datePublished\":\"2026-02-09T17:43:26+00:00\",\"dateModified\":\"2026-04-14T19:38:37+00:00\",\"breadcrumb\":{\"@id\":\"https:\\\/\\\/clearthedeck.fr\\\/tirages\\\/#breadcrumb\"},\"inLanguage\":\"en-US\",\"potentialAction\":[{\"@type\":\"ReadAction\",\"target\":[\"https:\\\/\\\/clearthedeck.fr\\\/tirages\\\/\"]}]},{\"@type\":\"ImageObject\",\"inLanguage\":\"en-US\",\"@id\":\"https:\\\/\\\/clearthedeck.fr\\\/tirages\\\/#primaryimage\",\"url\":\"https:\\\/\\\/clearthedeck.fr\\\/wp-content\\\/uploads\\\/2026\\\/02\\\/IMG_5292-768x1024.jpeg\",\"contentUrl\":\"https:\\\/\\\/clearthedeck.fr\\\/wp-content\\\/uploads\\\/2026\\\/02\\\/IMG_5292-768x1024.jpeg\"},{\"@type\":\"BreadcrumbList\",\"@id\":\"https:\\\/\\\/clearthedeck.fr\\\/tirages\\\/#breadcrumb\",\"itemListElement\":[{\"@type\":\"ListItem\",\"position\":1,\"name\":\"Accueil\",\"item\":\"https:\\\/\\\/clearthedeck.fr\\\/\"},{\"@type\":\"ListItem\",\"position\":2,\"name\":\"Tirages\"}]},{\"@type\":\"WebSite\",\"@id\":\"https:\\\/\\\/clearthedeck.fr\\\/#website\",\"url\":\"https:\\\/\\\/clearthedeck.fr\\\/\",\"name\":\"Clear the Deck\",\"description\":\"Jeux introspectifs et narratifs\",\"publisher\":{\"@id\":\"https:\\\/\\\/clearthedeck.fr\\\/#organization\"},\"potentialAction\":[{\"@type\":\"SearchAction\",\"target\":{\"@type\":\"EntryPoint\",\"urlTemplate\":\"https:\\\/\\\/clearthedeck.fr\\\/?s={search_term_string}\"},\"query-input\":{\"@type\":\"PropertyValueSpecification\",\"valueRequired\":true,\"valueName\":\"search_term_string\"}}],\"inLanguage\":\"en-US\"},{\"@type\":\"Organization\",\"@id\":\"https:\\\/\\\/clearthedeck.fr\\\/#organization\",\"name\":\"Clear the Deck\",\"url\":\"https:\\\/\\\/clearthedeck.fr\\\/\",\"logo\":{\"@type\":\"ImageObject\",\"inLanguage\":\"en-US\",\"@id\":\"https:\\\/\\\/clearthedeck.fr\\\/#\\\/schema\\\/logo\\\/image\\\/\",\"url\":\"https:\\\/\\\/clearthedeck.fr\\\/wp-content\\\/uploads\\\/2025\\\/06\\\/logo_ctd.svg\",\"contentUrl\":\"https:\\\/\\\/clearthedeck.fr\\\/wp-content\\\/uploads\\\/2025\\\/06\\\/logo_ctd.svg\",\"width\":187,\"height\":105,\"caption\":\"Clear the Deck\"},\"image\":{\"@id\":\"https:\\\/\\\/clearthedeck.fr\\\/#\\\/schema\\\/logo\\\/image\\\/\"}}]}<\/script>\n<!-- \/ Yoast SEO plugin. -->","yoast_head_json":{"title":"Tirages - Clear the Deck","robots":{"index":"index","follow":"follow","max-snippet":"max-snippet:-1","max-image-preview":"max-image-preview:large","max-video-preview":"max-video-preview:-1"},"canonical":"https:\/\/clearthedeck.fr\/en\/tirages\/","og_locale":"en_US","og_type":"article","og_title":"Tirages - Clear the Deck","og_description":"Anouck ZANA, cr\u00e9atrice de jeux introspectifs et narratifs.","og_url":"https:\/\/clearthedeck.fr\/en\/tirages\/","og_site_name":"Clear the Deck","article_modified_time":"2026-04-14T19:38:37+00:00","og_image":[{"width":1920,"height":2560,"url":"https:\/\/clearthedeck.fr\/wp-content\/uploads\/2026\/02\/IMG_5292-scaled.jpeg","type":"image\/jpeg"}],"twitter_card":"summary_large_image","twitter_misc":{"Est. reading time":"5 minutes"},"schema":{"@context":"https:\/\/schema.org","@graph":[{"@type":"WebPage","@id":"https:\/\/clearthedeck.fr\/tirages\/","url":"https:\/\/clearthedeck.fr\/tirages\/","name":"Tirages - Clear the Deck","isPartOf":{"@id":"https:\/\/clearthedeck.fr\/#website"},"primaryImageOfPage":{"@id":"https:\/\/clearthedeck.fr\/tirages\/#primaryimage"},"image":{"@id":"https:\/\/clearthedeck.fr\/tirages\/#primaryimage"},"thumbnailUrl":"https:\/\/clearthedeck.fr\/wp-content\/uploads\/2026\/02\/IMG_5292-768x1024.jpeg","datePublished":"2026-02-09T17:43:26+00:00","dateModified":"2026-04-14T19:38:37+00:00","breadcrumb":{"@id":"https:\/\/clearthedeck.fr\/tirages\/#breadcrumb"},"inLanguage":"en-US","potentialAction":[{"@type":"ReadAction","target":["https:\/\/clearthedeck.fr\/tirages\/"]}]},{"@type":"ImageObject","inLanguage":"en-US","@id":"https:\/\/clearthedeck.fr\/tirages\/#primaryimage","url":"https:\/\/clearthedeck.fr\/wp-content\/uploads\/2026\/02\/IMG_5292-768x1024.jpeg","contentUrl":"https:\/\/clearthedeck.fr\/wp-content\/uploads\/2026\/02\/IMG_5292-768x1024.jpeg"},{"@type":"BreadcrumbList","@id":"https:\/\/clearthedeck.fr\/tirages\/#breadcrumb","itemListElement":[{"@type":"ListItem","position":1,"name":"Accueil","item":"https:\/\/clearthedeck.fr\/"},{"@type":"ListItem","position":2,"name":"Tirages"}]},{"@type":"WebSite","@id":"https:\/\/clearthedeck.fr\/#website","url":"https:\/\/clearthedeck.fr\/","name":"Clear the Deck","description":"Jeux introspectifs et narratifs","publisher":{"@id":"https:\/\/clearthedeck.fr\/#organization"},"potentialAction":[{"@type":"SearchAction","target":{"@type":"EntryPoint","urlTemplate":"https:\/\/clearthedeck.fr\/?s={search_term_string}"},"query-input":{"@type":"PropertyValueSpecification","valueRequired":true,"valueName":"search_term_string"}}],"inLanguage":"en-US"},{"@type":"Organization","@id":"https:\/\/clearthedeck.fr\/#organization","name":"Clear the Deck","url":"https:\/\/clearthedeck.fr\/","logo":{"@type":"ImageObject","inLanguage":"en-US","@id":"https:\/\/clearthedeck.fr\/#\/schema\/logo\/image\/","url":"https:\/\/clearthedeck.fr\/wp-content\/uploads\/2025\/06\/logo_ctd.svg","contentUrl":"https:\/\/clearthedeck.fr\/wp-content\/uploads\/2025\/06\/logo_ctd.svg","width":187,"height":105,"caption":"Clear the Deck"},"image":{"@id":"https:\/\/clearthedeck.fr\/#\/schema\/logo\/image\/"}}]}},"_links":{"self":[{"href":"https:\/\/clearthedeck.fr\/en\/wp-json\/wp\/v2\/pages\/927","targetHints":{"allow":["GET"]}}],"collection":[{"href":"https:\/\/clearthedeck.fr\/en\/wp-json\/wp\/v2\/pages"}],"about":[{"href":"https:\/\/clearthedeck.fr\/en\/wp-json\/wp\/v2\/types\/page"}],"author":[{"embeddable":true,"href":"https:\/\/clearthedeck.fr\/en\/wp-json\/wp\/v2\/users\/1"}],"replies":[{"embeddable":true,"href":"https:\/\/clearthedeck.fr\/en\/wp-json\/wp\/v2\/comments?post=927"}],"version-history":[{"count":43,"href":"https:\/\/clearthedeck.fr\/en\/wp-json\/wp\/v2\/pages\/927\/revisions"}],"predecessor-version":[{"id":1050,"href":"https:\/\/clearthedeck.fr\/en\/wp-json\/wp\/v2\/pages\/927\/revisions\/1050"}],"wp:attachment":[{"href":"https:\/\/clearthedeck.fr\/en\/wp-json\/wp\/v2\/media?parent=927"}],"curies":[{"name":"wp","href":"https:\/\/api.w.org\/{rel}","templated":true}]}}